{"id":384,"date":"2024-02-01T23:40:38","date_gmt":"2024-02-01T22:40:38","guid":{"rendered":"https:\/\/kiga-schnelldorf.de\/index.php\/full-width-page-no-gaps-title-image-sidebar-copy-5-copy\/"},"modified":"2024-02-02T00:02:29","modified_gmt":"2024-02-01T23:02:29","slug":"datenschutzerklaerung","status":"publish","type":"page","link":"https:\/\/kiga-schnelldorf.de\/index.php\/datenschutzerklaerung\/","title":{"rendered":"Datenschutzerkl\u00e4rung"},"content":{"rendered":"\t\t<div data-elementor-type=\"wp-page\" data-elementor-id=\"384\" class=\"elementor elementor-384\">\n\t\t\t\t<div class=\"elementor-element elementor-element-557bfdd e-flex e-con-boxed e-con e-parent\" data-id=\"557bfdd\" data-element_type=\"container\" data-settings=\"{&quot;content_width&quot;:&quot;boxed&quot;}\" data-core-v316-plus=\"true\">\n\t\t\t\t\t<div class=\"e-con-inner\">\n\t\t\t\t<div class=\"elementor-element elementor-element-6b5883b elementor-widget elementor-widget-heading\" data-id=\"6b5883b\" data-element_type=\"widget\" data-widget_type=\"heading.default\">\n\t\t\t\t<div class=\"elementor-widget-container\">\n\t\t\t<style>\/*! elementor - v3.19.0 - 29-01-2024 *\/\n.elementor-heading-title{padding:0;margin:0;line-height:1}.elementor-widget-heading .elementor-heading-title[class*=elementor-size-]>a{color:inherit;font-size:inherit;line-height:inherit}.elementor-widget-heading .elementor-heading-title.elementor-size-small{font-size:15px}.elementor-widget-heading .elementor-heading-title.elementor-size-medium{font-size:19px}.elementor-widget-heading .elementor-heading-title.elementor-size-large{font-size:29px}.elementor-widget-heading .elementor-heading-title.elementor-size-xl{font-size:39px}.elementor-widget-heading .elementor-heading-title.elementor-size-xxl{font-size:59px}<\/style><h2 class=\"elementor-heading-title elementor-size-default\">Datenschutzerkl\u00e4rung<\/h2>\t\t<\/div>\n\t\t\t\t<\/div>\n\t\t\t\t\t<\/div>\n\t\t\t\t<\/div>\n\t\t<div class=\"elementor-element elementor-element-3bf9c67e e-con-full e-flex e-con e-parent\" data-id=\"3bf9c67e\" data-element_type=\"container\" data-settings=\"{&quot;background_background&quot;:&quot;classic&quot;,&quot;content_width&quot;:&quot;full&quot;}\" data-core-v316-plus=\"true\">\n\t\t<div class=\"elementor-element elementor-element-4504e50 e-con-full e-flex e-con e-child\" data-id=\"4504e50\" data-element_type=\"container\" data-settings=\"{&quot;content_width&quot;:&quot;full&quot;}\">\n\t\t\t\t<div class=\"elementor-element elementor-element-7d59d85 elementor-widget__width-initial elementor-widget elementor-widget-text-editor\" data-id=\"7d59d85\" data-element_type=\"widget\" data-widget_type=\"text-editor.default\">\n\t\t\t\t<div class=\"elementor-widget-container\">\n\t\t\t<style>\/*! elementor - v3.19.0 - 29-01-2024 *\/\n.elementor-widget-text-editor.elementor-drop-cap-view-stacked .elementor-drop-cap{background-color:#69727d;color:#fff}.elementor-widget-text-editor.elementor-drop-cap-view-framed .elementor-drop-cap{color:#69727d;border:3px solid;background-color:transparent}.elementor-widget-text-editor:not(.elementor-drop-cap-view-default) .elementor-drop-cap{margin-top:8px}.elementor-widget-text-editor:not(.elementor-drop-cap-view-default) .elementor-drop-cap-letter{width:1em;height:1em}.elementor-widget-text-editor .elementor-drop-cap{float:left;text-align:center;line-height:1;font-size:50px}.elementor-widget-text-editor .elementor-drop-cap-letter{display:inline-block}<\/style>\t\t\t\t<ol><li><strong>Datenschutz auf einen Blick<\/strong><\/li><\/ol><p>Allgemeine<br \/>Hinweise<\/p><p>Die folgenden Hinweise geben einen einfachen \u00dcberblick dar\u00fcber, was mit<br \/>Ihren personenbezogenen Daten passiert, wenn Sie unsere Website besuchen. Personenbezogene<br \/>Daten sind alle Daten, mit denen Sie pers\u00f6nlich identifiziert werden k\u00f6nnen. Ausf\u00fchrliche<br \/>Informationen zum Thema Datenschutz entnehmen Sie unserer unter diesem Text aufgef\u00fchrten<br \/>Datenschutzerkl\u00e4rung.<\/p><p>Datenerfassung auf unserer Website<\/p><p><strong>Wer ist verantwortlich f\u00fcr die Datenerfassung auf dieser Website?<\/strong><\/p><p>Die Datenverarbeitung<br \/>auf dieser Website erfolgt durch den Websitebetreiber. Dessen Kontaktdaten k\u00f6nnen Sie dem<br \/>Impressum dieser Website entnehmen.<\/p><p><strong>Wie erfassen wir Ihre Daten?<\/strong><\/p><p>Ihre Daten werden zum einen dadurch erhoben, dass Sie uns diese mitteilen. Hierbei kann es sich<br \/>z.B. um Daten handeln, die Sie in ein Kontaktformular eingeben.<\/p><p>Andere Daten werden<br \/>automatisch beim Besuch der Website durch unsere IT-Systeme erfasst. Das sind vor allem technische<br \/>Daten (z.B. Internetbrowser, Betriebssystem oder Uhrzeit des Seitenaufrufs). Die Erfassung dieser Daten<br \/>erfolgt automatisch, sobald Sie unsere Website betreten.<\/p><p><strong>Wof\u00fcr nutzen wir Ihre Daten?<\/strong><\/p><p>Ein Teil der Daten wird erhoben, um eine fehlerfreie Bereitstellung der Website<br \/>zu gew\u00e4hrleisten. Andere Daten k\u00f6nnen zur Analyse Ihres Nutzerverhaltens verwendet<br \/>werden.<\/p><p><strong>Welche Rechte haben Sie bez\u00fcglich Ihrer Daten?<\/strong><\/p><p>Sie<br \/>haben jederzeit das Recht unentgeltlich Auskunft \u00fcber Herkunft, Empf\u00e4nger und Zweck Ihrer<br \/>gespeicherten personenbezogenen Daten zu erhalten. Sie haben au\u00dferdem ein Recht, die<br \/>Berichtigung, Sperrung oder L\u00f6schung dieser Daten zu verlangen. Hierzu sowie zu weiteren Fragen<br \/>zum Thema Datenschutz k\u00f6nnen Sie sich jederzeit unter der im Impressum angegebenen Adresse<br \/>an uns wenden. Des Weiteren steht Ihnen ein Beschwerderecht bei der zust\u00e4ndigen<br \/>Aufsichtsbeh\u00f6rde zu.<\/p><p>Analyse-Tools und Tools von Drittanbietern<\/p><p>Beim Besuch<br \/>unserer Website kann Ihr Surf-Verhalten statistisch ausgewertet werden. Das geschieht vor allem mit<br \/>Cookies und mit sogenannten Analyseprogrammen. Die Analyse Ihres Surf-Verhaltens erfolgt in der Regel<br \/>anonym; das Surf-Verhalten kann nicht zu Ihnen zur\u00fcckverfolgt werden. Sie k\u00f6nnen dieser<br \/>Analyse widersprechen oder sie durch die Nichtbenutzung bestimmter Tools verhindern. Detaillierte<br \/>Informationen dazu finden Sie in der folgenden Datenschutzerkl\u00e4rung.<\/p><p>Sie k\u00f6nnen<br \/>dieser Analyse widersprechen. \u00dcber die Widerspruchsm\u00f6glichkeiten werden wir Sie in dieser<br \/>Datenschutzerkl\u00e4rung informieren.<\/p><ol start=\"2\"><li><strong> Allgemeine Hinweise und Pflichtinformationen<\/strong><\/li><\/ol><p>Datenschutz<\/p><p>Die Betreiber dieser Seiten nehmen den Schutz Ihrer pers\u00f6nlichen<br \/>Daten sehr ernst. Wir behandeln Ihre personenbezogenen Daten vertraulich und entsprechend der<br \/>gesetzlichen Datenschutzvorschriften sowie dieser Datenschutzerkl\u00e4rung.<\/p><p>Wenn Sie diese<br \/>Website benutzen, werden verschiedene personenbezogene Daten erhoben. Personenbezogene Daten<br \/>sind Daten, mit denen Sie pers\u00f6nlich identifiziert werden k\u00f6nnen. Die vorliegende<br \/>Datenschutzerkl\u00e4rung erl\u00e4utert, welche Daten wir erheben und wof\u00fcr wir sie nutzen. Sie<br \/>erl\u00e4utert auch, wie und zu welchem Zweck das geschieht.<\/p><p>Wir weisen darauf hin, dass die<br \/>Daten\u00fcbertragung im Internet (z.B. bei der Kommunikation per E-Mail) Sicherheitsl\u00fccken<br \/>aufweisen kann. Ein l\u00fcckenloser Schutz der Daten vor dem Zugriff durch Dritte ist nicht<br \/>m\u00f6glich.<\/p><p>Hinweis zur verantwortlichen Stelle<\/p><p>Die verantwortliche Stelle f\u00fcr<br \/>die Datenverarbeitung auf dieser Website ist:<\/p><p>Evangelischer Kindergartenverein Schnelldorf e.V.<br \/>Sonnenstr. 39<br \/>91625 Schnelldorf<\/p><p>Telefon: 07950\/430<\/p><p>Fax: 07950\/800635<\/p><p><a href=\"mailto:kiga-schnelldorf@gmx.de\"><strong>kiga-schnelldorf@gmx.de<\/strong><\/a><\/p><p>Verantwortliche Stelle ist die nat\u00fcrliche oder juristische<br \/>Person, die allein oder gemeinsam mit anderen \u00fcber die Zwecke und Mittel der Verarbeitung von<br \/>personenbezogenen Daten (z.B. Namen, E-Mail-Adressen o. \u00c4.) entscheidet.<\/p><p>Widerruf<br \/>Ihrer Einwilligung zur Datenverarbeitung<\/p><p>Viele Datenverarbeitungsvorg\u00e4nge sind nur mit<br \/>Ihrer ausdr\u00fccklichen Einwilligung m\u00f6glich. Sie k\u00f6nnen eine bereits erteilte Einwilligung<br \/>jederzeit widerrufen. Dazu reicht eine formlose Mitteilung per E-Mail an uns. Die<br \/>Rechtm\u00e4\u00dfigkeit der bis zum Widerruf erfolgten Datenverarbeitung bleibt vom Widerruf<br \/>unber\u00fchrt.<\/p><p>Beschwerderecht bei der zust\u00e4ndigen Aufsichtsbeh\u00f6rde<\/p><p>Im Falle datenschutzrechtlicher Verst\u00f6\u00dfe steht dem Betroffenen ein Beschwerderecht bei<br \/>der zust\u00e4ndigen Aufsichtsbeh\u00f6rde zu. Zust\u00e4ndige Aufsichtsbeh\u00f6rde in<br \/>datenschutzrechtlichen Fragen ist der Landesdatenschutzbeauftragte des Bundeslandes, in dem unser<br \/>Unternehmen seinen Sitz hat. Eine Liste der Datenschutzbeauftragten sowie deren Kontaktdaten<br \/>k\u00f6nnen folgendem Link entnommen werden:\u00a0<a href=\"https:\/\/www.bfdi.bund.de\/DE\/Infothek\/Anschriften_Links\/anschriften_links-node.html\"><strong>https:\/\/www.bfdi.bund.de\/DE\/Infothek\/Anschriften_Links\/anschriften_linksnode.<\/strong><strong><br \/><\/strong><strong>html<\/strong><\/a>.<\/p><p>SSL- bzw. TLS-Verschl\u00fcsselung<\/p><p>Diese Seite nutzt aus<br \/>Sicherheitsgr\u00fcnden und zum Schutz der \u00dcbertragung vertraulicher Inhalte, wie zum Beispiel<br \/>Bestellungen oder Anfragen, die Sie an uns als Seitenbetreiber senden, eine SSL-bzw. TLSVerschl&amp;<br \/>uuml;sselung. Eine verschl\u00fcsselte Verbindung erkennen Sie daran, dass die Adresszeile<br \/>des Browsers von \u201chttp:\/\/\u201d auf \u201chttps:\/\/\u201d wechselt und an dem Schloss-Symbol<br \/>in Ihrer Browserzeile.<\/p><p>Wenn die SSL- bzw. TLS-Verschl\u00fcsselung aktiviert ist, k\u00f6nnen<br \/>die Daten, die Sie an uns \u00fcbermitteln, nicht von Dritten mitgelesen werden.<\/p><p>Auskunft, Sperrung, L\u00f6schung<\/p><p>Sie haben im Rahmen der geltenden gesetzlichen Bestimmungen<br \/>jederzeit das Recht auf unentgeltliche Auskunft \u00fcber Ihre gespeicherten personenbezogenen Daten,<br \/>deren Herkunft und Empf\u00e4nger und den Zweck der Datenverarbeitung und ggf. ein Recht auf<br \/>Berichtigung, Sperrung oder L\u00f6schung dieser Daten. Hierzu sowie zu weiteren Fragen zum Thema<br \/>personenbezogene Daten k\u00f6nnen Sie sich jederzeit unter der im Impressum angegebenen Adresse<br \/>an uns wenden.<\/p><p>Widerspruch gegen Werbe-Mails<\/p><p>Der Nutzung von im Rahmen der<br \/>Impressumspflicht ver\u00f6ffentlichten Kontaktdaten zur \u00dcbersendung von nicht ausdr\u00fccklich<br \/>angeforderter Werbung und Informationsmaterialien wird hiermit widersprochen. Die Betreiber der Seiten<br \/>behalten sich ausdr\u00fccklich rechtliche Schritte im Falle der unverlangten Zusendung von<br \/>Werbeinformationen, etwa durch Spam-E-Mails, vor.<\/p><ol start=\"3\"><li><strong> Datenerfassung auf unserer<br \/>Website<\/strong><\/li><\/ol><p>Cookies<\/p><p>Die Internetseiten verwenden teilweise so genannte Cookies.<br \/>Cookies richten auf Ihrem Rechner keinen Schaden an und enthalten keine Viren. Cookies dienen dazu,<br \/>unser Angebot nutzerfreundlicher, effektiver und sicherer zu machen. Cookies sind kleine Textdateien, die<br \/>auf Ihrem Rechner abgelegt werden und die Ihr Browser speichert.<\/p><p>Die meisten der von uns<br \/>verwendeten Cookies sind so genannte \u201cSession-Cookies\u201d. Sie werden nach Ende Ihres<br \/>Besuchs automatisch gel\u00f6scht. Andere Cookies bleiben auf Ihrem Endger\u00e4t gespeichert bis<br \/>Sie diese l\u00f6schen. Diese Cookies erm\u00f6glichen es uns, Ihren Browser beim n\u00e4chsten<br \/>Besuch wiederzuerkennen.<\/p><p>Sie k\u00f6nnen Ihren Browser so einstellen, dass Sie \u00fcber das<br \/>Setzen von Cookies informiert werden und Cookies nur im Einzelfall erlauben, die Annahme von Cookies<br \/>f\u00fcr bestimmte F\u00e4lle oder generell ausschlie\u00dfen sowie das automatische L\u00f6schen<br \/>der Cookies beim Schlie\u00dfen des Browser aktivieren. Bei der Deaktivierung von Cookies kann die<br \/>Funktionalit\u00e4t dieser Website eingeschr\u00e4nkt sein.<\/p><p>Server-Log-Dateien<\/p><p>Der Provider<br \/>der Seiten erhebt und speichert automatisch Informationen in so genannten Server-Log-Dateien, die Ihr<br \/>Browser automatisch an uns \u00fcbermittelt. Dies sind:<\/p><ul><li>Browsertyp undBrowserversion<\/li><li>verwendetes Betriebssystem<\/li><li>Referrer URL<\/li><li>Hostname deszugreifenden Rechners<\/li><li>Uhrzeit der Serveranfrage<\/li><li>IP-Adresse<\/li><\/ul><p>Eine<br \/>Zusammenf\u00fchrung dieser Daten mit anderen Datenquellen wird nicht vorgenommen.<\/p><ol start=\"4\"><li><strong> Analyse Tools und<br \/>Werbung<\/strong><\/li><\/ol><p>Google Analytics<\/p><p>Diese Website nutzt Funktionen des Webanalysedienstes<br \/>Google Analytics. Anbieter ist die Google Inc., 1600 Amphitheatre Parkway, Mountain View, CA 94043,<br \/>USA.<\/p><p>Google Analytics verwendet so genannte \u201eCookies\u201c. Das sind Textdateien, die<br \/>auf Ihrem Computer gespeichert werden und die eine Analyse der Benutzung der Website durch Sie<br \/>erm\u00f6glichen. Die durch den Cookie erzeugten Informationen \u00fcber Ihre Benutzung dieser<br \/>Website werden in der Regel an einen Server von Google in den USA \u00fcbertragen und dort<br \/>gespeichert.<\/p><p><strong>IP<br \/>Anonymisierung<\/strong><\/p><p>Wir haben auf dieser Website die Funktion IP-Anonymisierung aktiviert.<br \/>Dadurch wird Ihre IP-Adresse von Google innerhalb von Mitgliedstaaten der Europ\u00e4ischen Union<br \/>oder in anderen Vertragsstaaten des Abkommens \u00fcber den Europ\u00e4ischen Wirtschaftsraum vor<br \/>der \u00dcbermittlung in die USA gek\u00fcrzt. Nur in Ausnahmef\u00e4llen wird die volle IP-Adresse an<br \/>einen Server von Google in den USA \u00fcbertragen und dort gek\u00fcrzt. Im Auftrag des Betreibers<br \/>dieser Website wird Google diese Informationen benutzen, um Ihre Nutzung der Website auszuwerten,<br \/>um Reports \u00fcber die Websiteaktivit\u00e4ten zusammenzustellen und um weitere mit der<br \/>Websitenutzung und der Internetnutzung verbundene Dienstleistungen gegen\u00fcber dem<br \/>Websitebetreiber zu erbringen. Die im Rahmen von Google Analytics von Ihrem Browser<br \/>\u00fcbermittelte IP-Adresse wird nicht mit anderen Daten von Google zusammengef\u00fchrt.<\/p><p><strong>Browser Plugin<\/strong><\/p><p>Sie k\u00f6nnen die Speicherung der Cookies durch eine<br \/>entsprechende Einstellung Ihrer Browser-Software verhindern; wir weisen Sie jedoch darauf hin, dass Sie<br \/>in diesem Fall gegebenenfalls nicht s\u00e4mtliche Funktionen dieser Website vollumf\u00e4nglich<br \/>werden nutzen k\u00f6nnen. Sie k\u00f6nnen dar\u00fcber hinaus die Erfassung der durch den Cookie<br \/>erzeugten und auf Ihre Nutzung der Website bezogenen Daten (inkl. Ihrer IP-Adresse) an Google sowie<br \/>die Verarbeitung dieser Daten durch Google verhindern, indem Sie das unter dem folgenden Link<br \/>verf\u00fcgbare Browser-Plugin herunterladen und installieren:\u00a0<a href=\"https:\/\/tools.google.com\/dlpage\/gaoptout?hl=de\"><strong>https:\/\/tools.google.com\/dlpage\/gaoptout?hl=de<\/strong><\/a>.<\/p><p><strong>Widerspruch<br \/>gegen Datenerfassung<\/strong><\/p><p>Sie k\u00f6nnen die Erfassung Ihrer Daten durch Google<br \/>Analytics verhindern, indem Sie auf folgenden Link klicken. Es wird ein Opt-Out-Cookie gesetzt, der die<br \/>Erfassung Ihrer Daten bei zuk\u00fcnftigen Besuchen dieser Website verhindert:\u00a0Google Analytics deaktivieren.<\/p><p>Mehr Informationen zum<br \/>Umgang mit Nutzerdaten bei Google Analytics finden Sie in der Datenschutzerkl\u00e4rung von Google:<br \/><a href=\"https:\/\/support.google.com\/analytics\/answer\/6004245?hl=de\"><strong>https:\/\/support.google.com\/analytics\/answer\/6004245?hl=de<\/strong><\/a>.<\/p><p><strong>Auftragsdatenverarbeitung<\/strong><\/p><p>Wir haben mit Google einen Vertrag zur Auftragsdatenverarbeitung abgeschlossen und setzen die<br \/>strengen Vorgaben der deutschen Datenschutzbeh\u00f6rden bei der Nutzung von Google Analytics<br \/>vollst\u00e4ndig um.<\/p><ol start=\"5\"><li><strong> Plugins und Tools<\/strong><\/li><\/ol><p>YouTube<\/p><p>Unsere Website nutzt<br \/>Plugins der von Google betriebenen Seite YouTube. Betreiber der Seiten ist die YouTube, LLC, 901<br \/>Cherry Ave., San Bruno, CA 94066, USA.<\/p><p>Wenn Sie eine unserer mit einem YouTube-Plugin<br \/>ausgestatteten Seiten besuchen, wird eine Verbindung zu den Servern von YouTube hergestellt. Dabei<br \/>wird dem YouTube-Server mitgeteilt, welche unserer Seiten Sie besucht haben.<\/p><p>Wenn Sie in<br \/>Ihrem YouTube-Account eingeloggt sind, erm\u00f6glichen Sie YouTube, Ihr Surfverhalten direkt Ihrem<br \/>pers\u00f6nlichen Profil zuzuordnen. Dies k\u00f6nnen Sie verhindern, indem Sie sich aus Ihrem<br \/>YouTube-Account ausloggen.<\/p><p>Weitere Informationen zum Umgang mit Nutzerdaten finden Sie in<br \/>der Datenschutzerkl\u00e4rung von YouTube unter:\u00a0<a href=\"https:\/\/www.google.de\/intl\/de\/policies\/privacy\"><strong>https:\/\/www.google.de\/intl\/de\/policies\/privacy<\/strong><\/a>.<\/p><p>Google Web Fonts<\/p><p>Diese Seite nutzt zur einheitlichen Darstellung von Schriftarten so genannte Web Fonts, die von<br \/>Google bereitgestellt werden. Beim Aufruf einer Seite l\u00e4dt Ihr Browser die ben\u00f6tigten Web<br \/>Fonts in ihren Browsercache, um Texte und Schriftarten korrekt anzuzeigen.<\/p><p>Zu diesem Zweck<br \/>muss der von Ihnen verwendete Browser Verbindung zu den Servern von Google aufnehmen. Hierdurch<br \/>erlangt Google Kenntnis dar\u00fcber, dass \u00fcber Ihre IP-Adresse unsere Website aufgerufen<br \/>wurde. Die Nutzung von Google Web Fonts erfolgt im Interesse einer einheitlichen und ansprechenden<br \/>Darstellung unserer Online-Angebote.\u00a0<\/p><p>Wenn Ihr Browser Web Fonts nicht unterst\u00fctzt, wird eine Standardschrift von<br \/>Ihrem Computer genutzt.<\/p><p>Weitere Informationen zu Google Web Fonts finden Sie unter\u00a0<a href=\"https:\/\/developers.google.com\/fonts\/faq\"><strong>https:\/\/developers.google.com\/fonts\/faq<\/strong><\/a>\u00a0und in der Datenschutzerkl\u00e4rung von<br \/>Google:\u00a0<a href=\"https:\/\/www.google.com\/policies\/privacy\/\"><strong>https:\/\/www.google.com\/policies\/privacy\/<\/strong><\/a>.<\/p><p>Google Maps<\/p><p>Diese<br \/>Seite nutzt \u00fcber eine API den Kartendienst Google Maps. Anbieter ist die Google Inc., 1600<br \/>Amphitheatre Parkway, Mountain View, CA 94043, USA.<\/p><p>Zur Nutzung der Funktionen von Google<br \/>Maps ist es notwendig, Ihre IP Adresse zu speichern. Diese Informationen werden in der Regel an einen<br \/>Server von Google in den USA \u00fcbertragen und dort gespeichert. Der Anbieter dieser Seite hat<br \/>keinen Einfluss auf diese Daten\u00fcbertragung.<\/p><p>Mehr Informationen zum Umgang mit Nutzerdaten finden Sie in der<br \/>Datenschutzerkl\u00e4rung von Google:\u00a0<a href=\"https:\/\/www.google.de\/intl\/de\/policies\/privacy\/\"><strong>https:\/\/www.google.de\/intl\/de\/policies\/privacy\/<\/strong><\/a>.<\/p>\t\t\t\t\t\t<\/div>\n\t\t\t\t<\/div>\n\t\t\t\t<div class=\"elementor-element elementor-element-0b1169b elementor-widget elementor-widget-spacer\" data-id=\"0b1169b\" data-element_type=\"widget\" data-widget_type=\"spacer.default\">\n\t\t\t\t<div class=\"elementor-widget-container\">\n\t\t\t<style>\/*! elementor - v3.19.0 - 29-01-2024 *\/\n.elementor-column .elementor-spacer-inner{height:var(--spacer-size)}.e-con{--container-widget-width:100%}.e-con-inner>.elementor-widget-spacer,.e-con>.elementor-widget-spacer{width:var(--container-widget-width,var(--spacer-size));--align-self:var(--container-widget-align-self,initial);--flex-shrink:0}.e-con-inner>.elementor-widget-spacer>.elementor-widget-container,.e-con>.elementor-widget-spacer>.elementor-widget-container{height:100%;width:100%}.e-con-inner>.elementor-widget-spacer>.elementor-widget-container>.elementor-spacer,.e-con>.elementor-widget-spacer>.elementor-widget-container>.elementor-spacer{height:100%}.e-con-inner>.elementor-widget-spacer>.elementor-widget-container>.elementor-spacer>.elementor-spacer-inner,.e-con>.elementor-widget-spacer>.elementor-widget-container>.elementor-spacer>.elementor-spacer-inner{height:var(--container-widget-height,var(--spacer-size))}.e-con-inner>.elementor-widget-spacer.elementor-widget-empty,.e-con>.elementor-widget-spacer.elementor-widget-empty{position:relative;min-height:22px;min-width:22px}.e-con-inner>.elementor-widget-spacer.elementor-widget-empty .elementor-widget-empty-icon,.e-con>.elementor-widget-spacer.elementor-widget-empty .elementor-widget-empty-icon{position:absolute;top:0;bottom:0;left:0;right:0;margin:auto;padding:0;width:22px;height:22px}<\/style>\t\t<div class=\"elementor-spacer\">\n\t\t\t<div class=\"elementor-spacer-inner\"><\/div>\n\t\t<\/div>\n\t\t\t\t<\/div>\n\t\t\t\t<\/div>\n\t\t\t\t<\/div>\n\t\t\t\t<\/div>\n\t\t\t\t<\/div>\n\t\t","protected":false},"excerpt":{"rendered":"<p>Datenschutzerkl\u00e4rung Datenschutz auf einen Blick AllgemeineHinweise Die folgenden Hinweise geben einen einfachen \u00dcberblick dar\u00fcber, was mitIhren personenbezogenen Daten passiert, wenn Sie unsere Website besuchen. PersonenbezogeneDaten sind alle Daten, mit denen Sie pers\u00f6nlich identifiziert werden k\u00f6nnen. Ausf\u00fchrlicheInformationen zum Thema Datenschutz entnehmen Sie unserer unter diesem Text aufgef\u00fchrtenDatenschutzerkl\u00e4rung. Datenerfassung auf unserer Website Wer ist verantwortlich f\u00fcr die&hellip;<\/p>\n","protected":false},"author":1,"featured_media":0,"parent":0,"menu_order":0,"comment_status":"closed","ping_status":"closed","template":"","meta":{"footnotes":""},"class_list":["post-384","page","type-page","status-publish","hentry"],"_links":{"self":[{"href":"https:\/\/kiga-schnelldorf.de\/index.php\/wp-json\/wp\/v2\/pages\/384","targetHints":{"allow":["GET"]}}],"collection":[{"href":"https:\/\/kiga-schnelldorf.de\/index.php\/wp-json\/wp\/v2\/pages"}],"about":[{"href":"https:\/\/kiga-schnelldorf.de\/index.php\/wp-json\/wp\/v2\/types\/page"}],"author":[{"embeddable":true,"href":"https:\/\/kiga-schnelldorf.de\/index.php\/wp-json\/wp\/v2\/users\/1"}],"replies":[{"embeddable":true,"href":"https:\/\/kiga-schnelldorf.de\/index.php\/wp-json\/wp\/v2\/comments?post=384"}],"version-history":[{"count":4,"href":"https:\/\/kiga-schnelldorf.de\/index.php\/wp-json\/wp\/v2\/pages\/384\/revisions"}],"predecessor-version":[{"id":388,"href":"https:\/\/kiga-schnelldorf.de\/index.php\/wp-json\/wp\/v2\/pages\/384\/revisions\/388"}],"wp:attachment":[{"href":"https:\/\/kiga-schnelldorf.de\/index.php\/wp-json\/wp\/v2\/media?parent=384"}],"curies":[{"name":"wp","href":"https:\/\/api.w.org\/{rel}","templated":true}]}}