{"id":376,"date":"2024-02-01T23:37:53","date_gmt":"2024-02-01T22:37:53","guid":{"rendered":"https:\/\/kiga-schnelldorf.de\/index.php\/full-width-page-no-gaps-title-image-sidebar-copy-5\/"},"modified":"2024-02-02T00:03:10","modified_gmt":"2024-02-01T23:03:10","slug":"impressum","status":"publish","type":"page","link":"https:\/\/kiga-schnelldorf.de\/index.php\/impressum\/","title":{"rendered":"Impressum"},"content":{"rendered":"\t\t<div data-elementor-type=\"wp-page\" data-elementor-id=\"376\" class=\"elementor elementor-376\">\n\t\t\t\t<div class=\"elementor-element elementor-element-557bfdd e-flex e-con-boxed e-con e-parent\" data-id=\"557bfdd\" data-element_type=\"container\" data-settings=\"{&quot;content_width&quot;:&quot;boxed&quot;}\" data-core-v316-plus=\"true\">\n\t\t\t\t\t<div class=\"e-con-inner\">\n\t\t\t\t<div class=\"elementor-element elementor-element-6b5883b elementor-widget elementor-widget-heading\" data-id=\"6b5883b\" data-element_type=\"widget\" data-widget_type=\"heading.default\">\n\t\t\t\t<div class=\"elementor-widget-container\">\n\t\t\t<style>\/*! elementor - v3.19.0 - 29-01-2024 *\/\n.elementor-heading-title{padding:0;margin:0;line-height:1}.elementor-widget-heading .elementor-heading-title[class*=elementor-size-]>a{color:inherit;font-size:inherit;line-height:inherit}.elementor-widget-heading .elementor-heading-title.elementor-size-small{font-size:15px}.elementor-widget-heading .elementor-heading-title.elementor-size-medium{font-size:19px}.elementor-widget-heading .elementor-heading-title.elementor-size-large{font-size:29px}.elementor-widget-heading .elementor-heading-title.elementor-size-xl{font-size:39px}.elementor-widget-heading .elementor-heading-title.elementor-size-xxl{font-size:59px}<\/style><h2 class=\"elementor-heading-title elementor-size-default\">Impressum<\/h2>\t\t<\/div>\n\t\t\t\t<\/div>\n\t\t\t\t\t<\/div>\n\t\t\t\t<\/div>\n\t\t<div class=\"elementor-element elementor-element-3bf9c67e e-con-full e-flex e-con e-parent\" data-id=\"3bf9c67e\" data-element_type=\"container\" data-settings=\"{&quot;background_background&quot;:&quot;classic&quot;,&quot;content_width&quot;:&quot;full&quot;}\" data-core-v316-plus=\"true\">\n\t\t<div class=\"elementor-element elementor-element-4504e50 e-con-full e-flex e-con e-child\" data-id=\"4504e50\" data-element_type=\"container\" data-settings=\"{&quot;content_width&quot;:&quot;full&quot;}\">\n\t\t\t\t<div class=\"elementor-element elementor-element-7d59d85 elementor-widget__width-initial elementor-widget elementor-widget-text-editor\" data-id=\"7d59d85\" data-element_type=\"widget\" data-widget_type=\"text-editor.default\">\n\t\t\t\t<div class=\"elementor-widget-container\">\n\t\t\t<style>\/*! elementor - v3.19.0 - 29-01-2024 *\/\n.elementor-widget-text-editor.elementor-drop-cap-view-stacked .elementor-drop-cap{background-color:#69727d;color:#fff}.elementor-widget-text-editor.elementor-drop-cap-view-framed .elementor-drop-cap{color:#69727d;border:3px solid;background-color:transparent}.elementor-widget-text-editor:not(.elementor-drop-cap-view-default) .elementor-drop-cap{margin-top:8px}.elementor-widget-text-editor:not(.elementor-drop-cap-view-default) .elementor-drop-cap-letter{width:1em;height:1em}.elementor-widget-text-editor .elementor-drop-cap{float:left;text-align:center;line-height:1;font-size:50px}.elementor-widget-text-editor .elementor-drop-cap-letter{display:inline-block}<\/style>\t\t\t\t<p><strong>Angaben gem\u00e4\u00df \u00a7 5 TMG:<\/strong><\/p><p><strong>Ev. Kindergarten &#8220;Hedwig Wippich&#8221; Schnelldorf<\/strong><br \/>Sonnenstr. 39<br \/>91625 Schnelldorf<\/p><p>Kontakt:<\/p><table><tbody><tr><td><p>Telefon: 07950\/430<\/p><\/td><td><p>\u00a0<\/p><\/td><\/tr><tr><td><p>Telefax: 07950\/800635<\/p><\/td><td><p>\u00a0<\/p><\/td><\/tr><tr><td><p>E-Mail: kita.schnelldorf@elkb.de<\/p><\/td><td>\u00a0<\/td><\/tr><\/tbody><\/table><p>Tr\u00e4ger:<\/p><p><strong>Evang. Kindergartenverein Schnelldorf e. V.<\/strong><\/p><p>Pfarrgasse 2<\/p><p>91625 Schnelldorf-Oberampfrach<\/p><p>Telefon: 07950\/2100 (B\u00fcro: \u00d6ffnungszeiten Di-Do 9:00 &#8211; 12:00 Uhr)<\/p><p>E-Mail:\u00a0<a href=\"mailto:kindergartenverein.schnelldorf@elkb.de\"><strong>kindergartenverein.schnelldorf@elkb.de<\/strong><\/a><\/p><p>\u00a0<\/p><p>Registereintrag:<\/p><p>\u00a0<\/p><p>Registergericht: Amtsgericht Ansbach\u00a0<\/p><p>Registernummer: VR 224<\/p><p>\u00a0<\/p><p>Steuernummer: 203\/110\/51114<\/p><p>\u00a0<\/p><p>Vertreten durch:<\/p><p>\u00a0<\/p><ol><li>Vorsitzender<\/li><\/ol><p>Pfarrer Wigbert Lehner (1.Vorsitzender)<\/p><p>Pfarrgasse 2<\/p><p>91625 Schnelldorf-Oberampfrach<\/p><p>Telefon: 07950\/673<\/p><p>E-Mail:\u00a0<a href=\"mailto:kindergartenverein.schnelldorf@elkb.de\"><strong>kindergartenverein.schnelldorf@elkb.de<\/strong><\/a><\/p><p>\u00a0<\/p><p>2.Vorsitzender<br \/>B\u00fcrgermeister Tobias Strau\u00df (2.Vorsitzender)<\/p><p>Schnelldorf<\/p><p>\u00a0<\/p><p>Streitschlichtung<\/p><p>Die Europ\u00e4ische Kommission stellt eine Plattform zur Online-<br \/>Streitbeilegung (OS) bereit:\u00a0<a href=\"https:\/\/ec.europa.eu\/consumers\/odr\"><strong>https:\/\/ec.europa.eu\/consumers\/odr<\/strong><\/a>.<br \/>Unsere E-Mail-Adresse finden Sie oben<br \/>im Impressum.<\/p><p>Wir sind nicht bereit oder verpflichtet, an Streitbeilegungsverfahren vor einer<br \/>Verbraucherschlichtungsstelle teilzunehmen.<\/p><p>\u00a0<\/p><p>Haftung f\u00fcr Inhalte<\/p><p>Als Diensteanbieter sind wir gem\u00e4\u00df \u00a7 7 Abs.1 TMG f\u00fcr eigene Inhalte auf diesen Seiten<br \/>nach den allgemeinen Gesetzen verantwortlich. Nach \u00a7\u00a7 8 bis 10 TMG sind wir als<br \/>Diensteanbieter jedoch nicht verpflichtet, \u00fcbermittelte oder gespeicherte fremde Informationen zu<br \/>\u00fcberwachen oder nach Umst\u00e4nden zu forschen, die auf eine rechtswidrige T\u00e4tigkeit<br \/>hinweisen.<\/p><p>Verpflichtungen zur Entfernung oder Sperrung der Nutzung von Informationen nach<br \/>den allgemeinen Gesetzen bleiben hiervon unber\u00fchrt. Eine diesbez\u00fcgliche Haftung ist jedoch<br \/>erst ab dem Zeitpunkt der Kenntnis einer konkreten Rechtsverletzung m\u00f6glich. Bei Bekanntwerden<br \/>von entsprechenden Rechtsverletzungen werden wir diese Inhalte umgehend entfernen.<\/p><p>\u00a0<\/p><p>Haftung f\u00fcr Links<\/p><p>Unser Angebot enth\u00e4lt Links zu externen Websites Dritter, auf<br \/>deren Inhalte wir keinen Einfluss haben. Deshalb k\u00f6nnen wir f\u00fcr diese fremden Inhalte auch<br \/>keine Gew\u00e4hr \u00fcbernehmen. F\u00fcr die Inhalte der verlinkten Seiten ist stets der jeweilige<br \/>Anbieter oder Betreiber der Seiten verantwortlich. Die verlinkten Seiten wurden zum Zeitpunkt der<br \/>Verlinkung auf m\u00f6gliche Rechtsverst\u00f6\u00dfe \u00fcberpr\u00fcft. Rechtswidrige Inhalte<br \/>waren zum Zeitpunkt der Verlinkung nicht erkennbar.<\/p><p>Eine permanente inhaltliche Kontrolle der<br \/>verlinkten Seiten ist jedoch ohne konkrete Anhaltspunkte einer Rechtsverletzung nicht zumutbar. Bei<br \/>Bekanntwerden von Rechtsverletzungen werden wir derartige Links umgehend entfernen.<\/p><p>\u00a0<\/p><p>Urheberrecht<\/p><p>Die durch die Seitenbetreiber erstellten Inhalte und Werke auf diesen Seiten<br \/>unterliegen dem deutschen Urheberrecht. Die Vervielf\u00e4ltigung, Bearbeitung, Verbreitung und jede<br \/>Art der Verwertung au\u00dferhalb der Grenzen des Urheberrechtes bed\u00fcrfen der schriftlichen<br \/>Zustimmung des jeweiligen Autors bzw. Erstellers. Downloads und Kopien dieser Seite sind nur f\u00fcr<br \/>den privaten, nicht kommerziellen Gebrauch gestattet.<\/p><p>Soweit die Inhalte auf dieser Seite nicht<br \/>vom Betreiber erstellt wurden, werden die Urheberrechte Dritter beachtet. Insbesondere werden Inhalte<br \/>Dritter als solche gekennzeichnet. Sollten Sie trotzdem auf eine Urheberrechtsverletzung aufmerksam<br \/>werden, bitten wir um einen entsprechenden Hinweis. Bei Bekanntwerden von Rechtsverletzungen<br \/>werden wir derartige Inhalte umgehend entfernen.<\/p><p>\u00a0<\/p>\t\t\t\t\t\t<\/div>\n\t\t\t\t<\/div>\n\t\t\t\t<div class=\"elementor-element elementor-element-0b1169b elementor-widget elementor-widget-spacer\" data-id=\"0b1169b\" data-element_type=\"widget\" data-widget_type=\"spacer.default\">\n\t\t\t\t<div class=\"elementor-widget-container\">\n\t\t\t<style>\/*! elementor - v3.19.0 - 29-01-2024 *\/\n.elementor-column .elementor-spacer-inner{height:var(--spacer-size)}.e-con{--container-widget-width:100%}.e-con-inner>.elementor-widget-spacer,.e-con>.elementor-widget-spacer{width:var(--container-widget-width,var(--spacer-size));--align-self:var(--container-widget-align-self,initial);--flex-shrink:0}.e-con-inner>.elementor-widget-spacer>.elementor-widget-container,.e-con>.elementor-widget-spacer>.elementor-widget-container{height:100%;width:100%}.e-con-inner>.elementor-widget-spacer>.elementor-widget-container>.elementor-spacer,.e-con>.elementor-widget-spacer>.elementor-widget-container>.elementor-spacer{height:100%}.e-con-inner>.elementor-widget-spacer>.elementor-widget-container>.elementor-spacer>.elementor-spacer-inner,.e-con>.elementor-widget-spacer>.elementor-widget-container>.elementor-spacer>.elementor-spacer-inner{height:var(--container-widget-height,var(--spacer-size))}.e-con-inner>.elementor-widget-spacer.elementor-widget-empty,.e-con>.elementor-widget-spacer.elementor-widget-empty{position:relative;min-height:22px;min-width:22px}.e-con-inner>.elementor-widget-spacer.elementor-widget-empty .elementor-widget-empty-icon,.e-con>.elementor-widget-spacer.elementor-widget-empty .elementor-widget-empty-icon{position:absolute;top:0;bottom:0;left:0;right:0;margin:auto;padding:0;width:22px;height:22px}<\/style>\t\t<div class=\"elementor-spacer\">\n\t\t\t<div class=\"elementor-spacer-inner\"><\/div>\n\t\t<\/div>\n\t\t\t\t<\/div>\n\t\t\t\t<\/div>\n\t\t\t\t<\/div>\n\t\t\t\t<\/div>\n\t\t\t\t<\/div>\n\t\t","protected":false},"excerpt":{"rendered":"<p>Impressum Angaben gem\u00e4\u00df \u00a7 5 TMG: Ev. Kindergarten &#8220;Hedwig Wippich&#8221; SchnelldorfSonnenstr. 3991625 Schnelldorf Kontakt: Telefon: 07950\/430 \u00a0 Telefax: 07950\/800635 \u00a0 E-Mail: kita.schnelldorf@elkb.de \u00a0 Tr\u00e4ger: Evang. Kindergartenverein Schnelldorf e. V. Pfarrgasse 2 91625 Schnelldorf-Oberampfrach Telefon: 07950\/2100 (B\u00fcro: \u00d6ffnungszeiten Di-Do 9:00 &#8211; 12:00 Uhr) E-Mail:\u00a0kindergartenverein.schnelldorf@elkb.de \u00a0 Registereintrag: \u00a0 Registergericht: Amtsgericht Ansbach\u00a0 Registernummer: VR 224 \u00a0 Steuernummer: 203\/110\/51114&hellip;<\/p>\n","protected":false},"author":1,"featured_media":0,"parent":0,"menu_order":0,"comment_status":"closed","ping_status":"closed","template":"","meta":{"footnotes":""},"class_list":["post-376","page","type-page","status-publish","hentry"],"_links":{"self":[{"href":"https:\/\/kiga-schnelldorf.de\/index.php\/wp-json\/wp\/v2\/pages\/376","targetHints":{"allow":["GET"]}}],"collection":[{"href":"https:\/\/kiga-schnelldorf.de\/index.php\/wp-json\/wp\/v2\/pages"}],"about":[{"href":"https:\/\/kiga-schnelldorf.de\/index.php\/wp-json\/wp\/v2\/types\/page"}],"author":[{"embeddable":true,"href":"https:\/\/kiga-schnelldorf.de\/index.php\/wp-json\/wp\/v2\/users\/1"}],"replies":[{"embeddable":true,"href":"https:\/\/kiga-schnelldorf.de\/index.php\/wp-json\/wp\/v2\/comments?post=376"}],"version-history":[{"count":7,"href":"https:\/\/kiga-schnelldorf.de\/index.php\/wp-json\/wp\/v2\/pages\/376\/revisions"}],"predecessor-version":[{"id":383,"href":"https:\/\/kiga-schnelldorf.de\/index.php\/wp-json\/wp\/v2\/pages\/376\/revisions\/383"}],"wp:attachment":[{"href":"https:\/\/kiga-schnelldorf.de\/index.php\/wp-json\/wp\/v2\/media?parent=376"}],"curies":[{"name":"wp","href":"https:\/\/api.w.org\/{rel}","templated":true}]}}