{"id":338,"date":"2024-02-01T23:26:38","date_gmt":"2024-02-01T22:26:38","guid":{"rendered":"https:\/\/kiga-schnelldorf.de\/index.php\/full-width-page-no-gaps-title-image-sidebar-copy-2\/"},"modified":"2024-02-02T00:08:06","modified_gmt":"2024-02-01T23:08:06","slug":"padagogik","status":"publish","type":"page","link":"https:\/\/kiga-schnelldorf.de\/index.php\/padagogik\/","title":{"rendered":"P\u00e4dagogik"},"content":{"rendered":"\t\t<div data-elementor-type=\"wp-page\" data-elementor-id=\"338\" class=\"elementor elementor-338\">\n\t\t\t\t<div class=\"elementor-element elementor-element-557bfdd e-flex e-con-boxed e-con e-parent\" data-id=\"557bfdd\" data-element_type=\"container\" data-settings=\"{&quot;content_width&quot;:&quot;boxed&quot;}\" data-core-v316-plus=\"true\">\n\t\t\t\t\t<div class=\"e-con-inner\">\n\t\t\t\t<div class=\"elementor-element elementor-element-6b5883b elementor-widget elementor-widget-heading\" data-id=\"6b5883b\" data-element_type=\"widget\" data-widget_type=\"heading.default\">\n\t\t\t\t<div class=\"elementor-widget-container\">\n\t\t\t<style>\/*! elementor - v3.19.0 - 29-01-2024 *\/\n.elementor-heading-title{padding:0;margin:0;line-height:1}.elementor-widget-heading .elementor-heading-title[class*=elementor-size-]>a{color:inherit;font-size:inherit;line-height:inherit}.elementor-widget-heading .elementor-heading-title.elementor-size-small{font-size:15px}.elementor-widget-heading .elementor-heading-title.elementor-size-medium{font-size:19px}.elementor-widget-heading .elementor-heading-title.elementor-size-large{font-size:29px}.elementor-widget-heading .elementor-heading-title.elementor-size-xl{font-size:39px}.elementor-widget-heading .elementor-heading-title.elementor-size-xxl{font-size:59px}<\/style><h2 class=\"elementor-heading-title elementor-size-default\">P\u00e4dagogik <\/h2>\t\t<\/div>\n\t\t\t\t<\/div>\n\t\t\t\t\t<\/div>\n\t\t\t\t<\/div>\n\t\t<div class=\"elementor-element elementor-element-3bf9c67e e-con-full e-flex e-con e-parent\" data-id=\"3bf9c67e\" data-element_type=\"container\" data-settings=\"{&quot;background_background&quot;:&quot;classic&quot;,&quot;content_width&quot;:&quot;full&quot;}\" data-core-v316-plus=\"true\">\n\t\t<div class=\"elementor-element elementor-element-4504e50 e-con-full e-flex e-con e-child\" data-id=\"4504e50\" data-element_type=\"container\" data-settings=\"{&quot;content_width&quot;:&quot;full&quot;}\">\n\t\t\t\t<div class=\"elementor-element elementor-element-6f9d9753 elementor-widget elementor-widget-heading\" data-id=\"6f9d9753\" data-element_type=\"widget\" data-widget_type=\"heading.default\">\n\t\t\t\t<div class=\"elementor-widget-container\">\n\t\t\t<h1 class=\"elementor-heading-title elementor-size-default\">Ziele<\/h1>\t\t<\/div>\n\t\t\t\t<\/div>\n\t\t\t\t<div class=\"elementor-element elementor-element-7d59d85 elementor-widget elementor-widget-text-editor\" data-id=\"7d59d85\" data-element_type=\"widget\" data-widget_type=\"text-editor.default\">\n\t\t\t\t<div class=\"elementor-widget-container\">\n\t\t\t<style>\/*! elementor - v3.19.0 - 29-01-2024 *\/\n.elementor-widget-text-editor.elementor-drop-cap-view-stacked .elementor-drop-cap{background-color:#69727d;color:#fff}.elementor-widget-text-editor.elementor-drop-cap-view-framed .elementor-drop-cap{color:#69727d;border:3px solid;background-color:transparent}.elementor-widget-text-editor:not(.elementor-drop-cap-view-default) .elementor-drop-cap{margin-top:8px}.elementor-widget-text-editor:not(.elementor-drop-cap-view-default) .elementor-drop-cap-letter{width:1em;height:1em}.elementor-widget-text-editor .elementor-drop-cap{float:left;text-align:center;line-height:1;font-size:50px}.elementor-widget-text-editor .elementor-drop-cap-letter{display:inline-block}<\/style>\t\t\t\t<p>Unsere Arbeit beruht auf den Grundlagen des Bayerischen Bildungs- und Erziehungsplans (BEP), dem Bayerischen Kinderbildungs- und Betreuungsgesetz (BayKiBiG) und dem situationsorientierten Ansatz, bei dem die Kinder bei der Projektplanung mitbestimmen d\u00fcrfen.<\/p><p><br \/>Unser Ziel ist es, dass sich die Kinder in ihrem Lebensraum Kindergarten und somit auch in ihrer Umwelt selbst\u00e4ndig und verantwortungsbewusst bewegen k\u00f6nnen.<br \/>Die Mitarbeiter\/innen des Kindergartens bieten dem Kind Erfahrungsm\u00f6glichkeiten in seiner ganzheitlichen Entwicklung, die \u00fcber die famili\u00e4ren M\u00f6glichkeiten hinausgehen.<br \/>Das soziale Lernen, verbunden mit den Grunds\u00e4tzen der christlichen Erziehung, steht dabei im Vordergrund.<br \/>Der Kindergarten bietet dem Kind Erfahrungsm\u00f6glichkeiten zur Entwicklung verschiedener Basiskompetenzen.<\/p><p>Personale Kompetenz:<\/p><p>Bei der personalen Kompetenz sollen die Kinder lernen den eigenen K\u00f6rper mit seinen St\u00e4rken und Schw\u00e4chen zu erforschen und kennenzulernen. Sie sollen ein gesundes K\u00f6rperbewusstsein und ein positives Selbstwertgef\u00fchl erlangen. Durch unsere Unterst\u00fctzung f\u00f6rdern wir die Kinder zu:<\/p><p>+ wertorientierten Kindern<\/p><p>+ sprachfreudigen Kindern<\/p><p>+ fragenden und forschenden Kindern<\/p><p>+ k\u00fcnstlerischen Kindern<\/p><p>+ bewegungsfreudigen, aktiven Kindern<\/p><p>+ widerstandsf\u00e4higen Kindern<\/p><p>\u00a0<\/p><p>Soziale Kompetenz:<\/p><p>Bei der sozialen Kompetenz sollen die Kinder lernen Beziehungen und Bindungen aufzubauen, zu pflegen und zu festigen. Durch unsere Unterst\u00fctzung f\u00f6rdern wir die Kinder im Umgang mit:<\/p><p>+ Kindern verschiedenen Alters<\/p><p>+ Kindern verschiedenen Geschlechts<\/p><p>+ Kindern verschiedener Herkunft<\/p><p>+ Kindern unterschiedlicher Entwicklungsst\u00e4nde<\/p><p>\u00a0<\/p><p>Lernmethodische Kompetenz:<\/p><p>Bei der lernmethodischen Kompetenz sollen die Kinder lernen Wissen und K\u00f6nnen aufzunehmen, einzusetzen und zu behalten. Durch unsere Unterst\u00fctzung f\u00f6rdern wir die Kinder zu:<\/p><p>+ wissbegierigen Kindern<\/p><p>+ fragenden Kindern<\/p><p>+ reflektierenden Kindern<\/p><p>+ medieninteressierten Kindern<\/p>\t\t\t\t\t\t<\/div>\n\t\t\t\t<\/div>\n\t\t\t\t<div class=\"elementor-element elementor-element-0b1169b elementor-widget elementor-widget-spacer\" data-id=\"0b1169b\" data-element_type=\"widget\" data-widget_type=\"spacer.default\">\n\t\t\t\t<div class=\"elementor-widget-container\">\n\t\t\t<style>\/*! elementor - v3.19.0 - 29-01-2024 *\/\n.elementor-column .elementor-spacer-inner{height:var(--spacer-size)}.e-con{--container-widget-width:100%}.e-con-inner>.elementor-widget-spacer,.e-con>.elementor-widget-spacer{width:var(--container-widget-width,var(--spacer-size));--align-self:var(--container-widget-align-self,initial);--flex-shrink:0}.e-con-inner>.elementor-widget-spacer>.elementor-widget-container,.e-con>.elementor-widget-spacer>.elementor-widget-container{height:100%;width:100%}.e-con-inner>.elementor-widget-spacer>.elementor-widget-container>.elementor-spacer,.e-con>.elementor-widget-spacer>.elementor-widget-container>.elementor-spacer{height:100%}.e-con-inner>.elementor-widget-spacer>.elementor-widget-container>.elementor-spacer>.elementor-spacer-inner,.e-con>.elementor-widget-spacer>.elementor-widget-container>.elementor-spacer>.elementor-spacer-inner{height:var(--container-widget-height,var(--spacer-size))}.e-con-inner>.elementor-widget-spacer.elementor-widget-empty,.e-con>.elementor-widget-spacer.elementor-widget-empty{position:relative;min-height:22px;min-width:22px}.e-con-inner>.elementor-widget-spacer.elementor-widget-empty .elementor-widget-empty-icon,.e-con>.elementor-widget-spacer.elementor-widget-empty .elementor-widget-empty-icon{position:absolute;top:0;bottom:0;left:0;right:0;margin:auto;padding:0;width:22px;height:22px}<\/style>\t\t<div class=\"elementor-spacer\">\n\t\t\t<div class=\"elementor-spacer-inner\"><\/div>\n\t\t<\/div>\n\t\t\t\t<\/div>\n\t\t\t\t<\/div>\n\t\t\t\t<\/div>\n\t\t<div class=\"elementor-element elementor-element-33142cbf e-con-full e-flex e-con e-child\" data-id=\"33142cbf\" data-element_type=\"container\" data-settings=\"{&quot;content_width&quot;:&quot;full&quot;}\">\n\t\t\t\t<div class=\"elementor-element elementor-element-6be74664 elementor-widget elementor-widget-image\" data-id=\"6be74664\" data-element_type=\"widget\" data-widget_type=\"image.default\">\n\t\t\t\t<div class=\"elementor-widget-container\">\n\t\t\t<style>\/*! elementor - v3.19.0 - 29-01-2024 *\/\n.elementor-widget-image{text-align:center}.elementor-widget-image a{display:inline-block}.elementor-widget-image a img[src$=\".svg\"]{width:48px}.elementor-widget-image img{vertical-align:middle;display:inline-block}<\/style>\t\t\t\t\t\t\t\t\t\t<img fetchpriority=\"high\" decoding=\"async\" width=\"375\" height=\"260\" src=\"https:\/\/kiga-schnelldorf.de\/wp-content\/uploads\/2024\/02\/Kiga02.jpg\" class=\"attachment-futurio-med size-futurio-med wp-image-328\" alt=\"\" srcset=\"https:\/\/kiga-schnelldorf.de\/wp-content\/uploads\/2024\/02\/Kiga02.jpg 375w, https:\/\/kiga-schnelldorf.de\/wp-content\/uploads\/2024\/02\/Kiga02-300x208.jpg 300w\" sizes=\"(max-width: 375px) 100vw, 375px\" \/>\t\t\t\t\t\t\t\t\t\t\t\t\t<\/div>\n\t\t\t\t<\/div>\n\t\t\t\t<\/div>\n\t\t\t\t<\/div>\n\t\t<div class=\"elementor-element elementor-element-8f97e07 e-con-full e-flex e-con e-parent\" data-id=\"8f97e07\" data-element_type=\"container\" data-settings=\"{&quot;content_width&quot;:&quot;full&quot;}\" data-core-v316-plus=\"true\">\n\t\t<div class=\"elementor-element elementor-element-c2e4fdf e-con-full e-flex e-con e-child\" data-id=\"c2e4fdf\" data-element_type=\"container\" data-settings=\"{&quot;content_width&quot;:&quot;full&quot;}\">\n\t\t\t\t<div class=\"elementor-element elementor-element-8d6cc7a elementor-widget elementor-widget-heading\" data-id=\"8d6cc7a\" data-element_type=\"widget\" data-widget_type=\"heading.default\">\n\t\t\t\t<div class=\"elementor-widget-container\">\n\t\t\t<h1 class=\"elementor-heading-title elementor-size-default\">Wald- und Wiesentage<\/h1>\t\t<\/div>\n\t\t\t\t<\/div>\n\t\t\t\t<div class=\"elementor-element elementor-element-0591352 elementor-widget__width-initial elementor-widget elementor-widget-image\" data-id=\"0591352\" data-element_type=\"widget\" data-widget_type=\"image.default\">\n\t\t\t\t<div class=\"elementor-widget-container\">\n\t\t\t\t\t\t\t\t\t\t\t\t\t<img decoding=\"async\" width=\"380\" height=\"367\" src=\"https:\/\/kiga-schnelldorf.de\/wp-content\/uploads\/2024\/02\/Kiga04.png\" class=\"attachment-full size-full wp-image-340\" alt=\"\" srcset=\"https:\/\/kiga-schnelldorf.de\/wp-content\/uploads\/2024\/02\/Kiga04.png 380w, https:\/\/kiga-schnelldorf.de\/wp-content\/uploads\/2024\/02\/Kiga04-300x290.png 300w\" sizes=\"(max-width: 380px) 100vw, 380px\" \/>\t\t\t\t\t\t\t\t\t\t\t\t\t<\/div>\n\t\t\t\t<\/div>\n\t\t\t\t<\/div>\n\t\t\t\t<div class=\"elementor-element elementor-element-74113a9 elementor-widget elementor-widget-text-editor\" data-id=\"74113a9\" data-element_type=\"widget\" data-widget_type=\"text-editor.default\">\n\t\t\t\t<div class=\"elementor-widget-container\">\n\t\t\t\t\t\t\t<p>Jede Kindergartengruppe veranstaltet 1x im Jahr f\u00fcr 1-2 Wochen &#8220;Wald -und Wiesentage&#8221; mit F\u00f6rster und J\u00e4ger und zwar f\u00fcr die ganze Gruppe.<br \/>Der Wald ist vielen Menschen fremd geworden. Sie haben keine enge Beziehung mehr zu diesem \u00d6kosystem.<br \/>Gerade unsere Kinder brauchen den Kontakt zur Natur, denn wo sie heute Emotionen wie Liebe und Achtung f\u00fcr &#8220;ihren Wald&#8221; entwickeln und diesen zu sch\u00e4tzen wissen, werden sie ihn auch morgen nicht vergessen.<\/p><p>\u00a0<\/p><p>\u00a0<\/p><p>Unsere Ziele f\u00fcr das Projekt: Mit Kindern in den Wald<\/p><table width=\"100%\"><tbody><tr><td width=\"42\"><p><strong>\u00a0<\/strong><\/p><\/td><td width=\"100%\"><p>&#8211; Umwelt und Naturerziehung: Wir m\u00f6chten dass die Kinder lernen Verantwortung f\u00fcr Mensch und Natur zu \u00fcbernehmen.<\/p><\/td><\/tr><tr><td width=\"42\"><p>\u00a0<\/p><\/td><td width=\"100%\"><p>&#8211; der nat\u00fcrliche Bewegungsdrang der Kinder kann ungehindert ausgelebt werden.<\/p><\/td><\/tr><tr><td width=\"42\"><p>\u00a0<\/p><\/td><td width=\"100%\"><p>&#8211; Natur wird unmittelbar erlebt und begriffen; der behutsame Umgang mit jeder Art von Leben wird erfahren und gelernt.<\/p><\/td><\/tr><tr><td width=\"42\"><p>\u00a0<\/p><\/td><td width=\"100%\"><p>&#8211; der Kreislauf der Natur wird direkt wahrgenommen und erlebt.<\/p><\/td><\/tr><tr><td width=\"42\"><p>\u00a0<\/p><\/td><td width=\"100%\"><p>&#8211; das Spiel in freier Natur l\u00e4sst die Kinder ihre Grenzen und Entwicklungsfortschritte erfahren.<\/p><\/td><\/tr><\/tbody><\/table><p>\u00a0<\/p><p>Wir\u00a0 werden an diesen Tagen mit den Kindern verschiedene Dinge, wie z.B. Waldf\u00fchrungen machen, den Wald kennen lernen, Waldsofa bauen, Experimente machen, Spuren suchen, Erkundungen mit dem zust\u00e4ndigen F\u00f6rster und J\u00e4ger machen (-einer der beiden ist auf jeden Fall dabei-) oder \u00e4hnliches unternehmen.<\/p><p>Unsere Waldregeln, B\u00fccherlisten zum Thema usw. kann man im B\u00fcro des Kindergartens in unserem Waldordner einsehen!<\/p>\t\t\t\t\t\t<\/div>\n\t\t\t\t<\/div>\n\t\t\t\t<\/div>\n\t\t<div class=\"elementor-element elementor-element-bb824bb e-con-full e-flex e-con e-parent\" data-id=\"bb824bb\" data-element_type=\"container\" data-settings=\"{&quot;background_background&quot;:&quot;classic&quot;,&quot;content_width&quot;:&quot;full&quot;}\" data-core-v316-plus=\"true\">\n\t\t<div class=\"elementor-element elementor-element-83ccc76 e-con-full e-flex e-con e-child\" data-id=\"83ccc76\" data-element_type=\"container\" data-settings=\"{&quot;content_width&quot;:&quot;full&quot;}\">\n\t\t\t\t<div class=\"elementor-element elementor-element-a20bb53 elementor-widget elementor-widget-heading\" data-id=\"a20bb53\" data-element_type=\"widget\" data-widget_type=\"heading.default\">\n\t\t\t\t<div class=\"elementor-widget-container\">\n\t\t\t<h1 class=\"elementor-heading-title elementor-size-default\">Leitspruch<\/h1>\t\t<\/div>\n\t\t\t\t<\/div>\n\t\t\t\t<div class=\"elementor-element elementor-element-25ebb40 elementor-widget elementor-widget-text-editor\" data-id=\"25ebb40\" data-element_type=\"widget\" data-widget_type=\"text-editor.default\">\n\t\t\t\t<div class=\"elementor-widget-container\">\n\t\t\t\t\t\t\t<p>Wir gehen mit&#8230;.<\/p><p>Nimm ein Kind an die Hand und lass Dich von ihm f\u00fchren. Betrachte die Steine, die es aufhebt und h\u00f6re zu, was es Dir erz\u00e4hlt. Zur Belohnung zeigt es Dir eine Welt, die Du l\u00e4ngst vergessen hast.<\/p>\t\t\t\t\t\t<\/div>\n\t\t\t\t<\/div>\n\t\t\t\t<div class=\"elementor-element elementor-element-a889765 elementor-widget elementor-widget-spacer\" data-id=\"a889765\" data-element_type=\"widget\" data-widget_type=\"spacer.default\">\n\t\t\t\t<div class=\"elementor-widget-container\">\n\t\t\t\t\t<div class=\"elementor-spacer\">\n\t\t\t<div class=\"elementor-spacer-inner\"><\/div>\n\t\t<\/div>\n\t\t\t\t<\/div>\n\t\t\t\t<\/div>\n\t\t\t\t<div class=\"elementor-element elementor-element-93855af elementor-widget elementor-widget-heading\" data-id=\"93855af\" data-element_type=\"widget\" data-widget_type=\"heading.default\">\n\t\t\t\t<div class=\"elementor-widget-container\">\n\t\t\t<h1 class=\"elementor-heading-title elementor-size-default\">Ziele<\/h1>\t\t<\/div>\n\t\t\t\t<\/div>\n\t\t\t\t<\/div>\n\t\t<div class=\"elementor-element elementor-element-3170fb7 e-con-full e-flex e-con e-child\" data-id=\"3170fb7\" data-element_type=\"container\" data-settings=\"{&quot;content_width&quot;:&quot;full&quot;}\">\n\t\t\t\t<div class=\"elementor-element elementor-element-9b5c600 elementor-widget elementor-widget-image\" data-id=\"9b5c600\" data-element_type=\"widget\" data-widget_type=\"image.default\">\n\t\t\t\t<div class=\"elementor-widget-container\">\n\t\t\t\t\t\t\t\t\t\t\t\t\t<img fetchpriority=\"high\" decoding=\"async\" width=\"375\" height=\"260\" src=\"https:\/\/kiga-schnelldorf.de\/wp-content\/uploads\/2024\/02\/Kiga02.jpg\" class=\"attachment-futurio-med size-futurio-med wp-image-328\" alt=\"\" srcset=\"https:\/\/kiga-schnelldorf.de\/wp-content\/uploads\/2024\/02\/Kiga02.jpg 375w, https:\/\/kiga-schnelldorf.de\/wp-content\/uploads\/2024\/02\/Kiga02-300x208.jpg 300w\" sizes=\"(max-width: 375px) 100vw, 375px\" \/>\t\t\t\t\t\t\t\t\t\t\t\t\t<\/div>\n\t\t\t\t<\/div>\n\t\t\t\t<\/div>\n\t\t\t\t<\/div>\n\t\t<div class=\"elementor-element elementor-element-ad817a2 e-flex e-con-boxed e-con e-parent\" data-id=\"ad817a2\" data-element_type=\"container\" data-settings=\"{&quot;content_width&quot;:&quot;boxed&quot;}\" data-core-v316-plus=\"true\">\n\t\t\t\t\t<div class=\"e-con-inner\">\n\t\t\t\t<div class=\"elementor-element elementor-element-ddff70b elementor-widget elementor-widget-text-editor\" data-id=\"ddff70b\" data-element_type=\"widget\" data-widget_type=\"text-editor.default\">\n\t\t\t\t<div class=\"elementor-widget-container\">\n\t\t\t\t\t\t\t<p>Unsere Arbeit beruht auf den Grundlagen des Bayerischen Bildungs- und Erziehungsplans (BEP), dem Bayerischen Kinderbildungs- und Betreuungsgesetz (BayKiBiG) und dem situationsorientierten Ansatz, bei dem die Kinder bei der Projektplanung mitbestimmen d\u00fcrfen.<\/p><p><br \/>Unser Ziel ist es, dass sich die Kinder in ihrem Lebensraum Kindergarten und somit auch in ihrer Umwelt selbst\u00e4ndig und verantwortungsbewusst bewegen k\u00f6nnen.<br \/>Die Mitarbeiter\/innen des Kindergartens bieten dem Kind Erfahrungsm\u00f6glichkeiten in seiner ganzheitlichen Entwicklung, die \u00fcber die famili\u00e4ren M\u00f6glichkeiten hinausgehen.<br \/>Das soziale Lernen, verbunden mit den Grunds\u00e4tzen der christlichen Erziehung, steht dabei im Vordergrund.<br \/>Der Kindergarten bietet dem Kind Erfahrungsm\u00f6glichkeiten zur Entwicklung verschiedener Basiskompetenzen.<\/p><p>Personale Kompetenz:<\/p><p>Bei der personalen Kompetenz sollen die Kinder lernen den eigenen K\u00f6rper mit seinen St\u00e4rken und Schw\u00e4chen zu erforschen und kennenzulernen. Sie sollen ein gesundes K\u00f6rperbewusstsein und ein positives Selbstwertgef\u00fchl erlangen. Durch unsere Unterst\u00fctzung f\u00f6rdern wir die Kinder zu:<\/p><p>+ wertorientierten Kindern<\/p><p>+ sprachfreudigen Kindern<\/p><p>+ fragenden und forschenden Kindern<\/p><p>+ k\u00fcnstlerischen Kindern<\/p><p>+ bewegungsfreudigen, aktiven Kindern<\/p><p>+ widerstandsf\u00e4higen Kindern<\/p><p>\u00a0<\/p><p>Soziale Kompetenz:<\/p><p>Bei der sozialen Kompetenz sollen die Kinder lernen Beziehungen und Bindungen aufzubauen, zu pflegen und zu festigen. Durch unsere Unterst\u00fctzung f\u00f6rdern wir die Kinder im Umgang mit:<\/p><p>+ Kindern verschiedenen Alters<\/p><p>+ Kindern verschiedenen Geschlechts<\/p><p>+ Kindern verschiedener Herkunft<\/p><p>+ Kindern unterschiedlicher Entwicklungsst\u00e4nde<\/p><p>\u00a0<\/p><p>Lernmethodische Kompetenz:<\/p><p>Bei der lernmethodischen Kompetenz sollen die Kinder lernen Wissen und K\u00f6nnen aufzunehmen, einzusetzen und zu behalten. Durch unsere Unterst\u00fctzung f\u00f6rdern wir die Kinder zu:<\/p><p>+ wissbegierigen Kindern<\/p><p>+ fragenden Kindern<\/p><p>+ reflektierenden Kindern<\/p><p>+ medieninteressierten Kindern<\/p>\t\t\t\t\t\t<\/div>\n\t\t\t\t<\/div>\n\t\t\t\t\t<\/div>\n\t\t\t\t<\/div>\n\t\t\t\t<\/div>\n\t\t","protected":false},"excerpt":{"rendered":"<p>P\u00e4dagogik Ziele Unsere Arbeit beruht auf den Grundlagen des Bayerischen Bildungs- und Erziehungsplans (BEP), dem Bayerischen Kinderbildungs- und Betreuungsgesetz (BayKiBiG) und dem situationsorientierten Ansatz, bei dem die Kinder bei der Projektplanung mitbestimmen d\u00fcrfen. Unser Ziel ist es, dass sich die Kinder in ihrem Lebensraum Kindergarten und somit auch in ihrer Umwelt selbst\u00e4ndig und verantwortungsbewusst bewegen&hellip;<\/p>\n","protected":false},"author":1,"featured_media":0,"parent":0,"menu_order":0,"comment_status":"closed","ping_status":"closed","template":"","meta":{"footnotes":""},"class_list":["post-338","page","type-page","status-publish","hentry"],"_links":{"self":[{"href":"https:\/\/kiga-schnelldorf.de\/index.php\/wp-json\/wp\/v2\/pages\/338","targetHints":{"allow":["GET"]}}],"collection":[{"href":"https:\/\/kiga-schnelldorf.de\/index.php\/wp-json\/wp\/v2\/pages"}],"about":[{"href":"https:\/\/kiga-schnelldorf.de\/index.php\/wp-json\/wp\/v2\/types\/page"}],"author":[{"embeddable":true,"href":"https:\/\/kiga-schnelldorf.de\/index.php\/wp-json\/wp\/v2\/users\/1"}],"replies":[{"embeddable":true,"href":"https:\/\/kiga-schnelldorf.de\/index.php\/wp-json\/wp\/v2\/comments?post=338"}],"version-history":[{"count":13,"href":"https:\/\/kiga-schnelldorf.de\/index.php\/wp-json\/wp\/v2\/pages\/338\/revisions"}],"predecessor-version":[{"id":425,"href":"https:\/\/kiga-schnelldorf.de\/index.php\/wp-json\/wp\/v2\/pages\/338\/revisions\/425"}],"wp:attachment":[{"href":"https:\/\/kiga-schnelldorf.de\/index.php\/wp-json\/wp\/v2\/media?parent=338"}],"curies":[{"name":"wp","href":"https:\/\/api.w.org\/{rel}","templated":true}]}}