{"id":115,"date":"2018-10-24T04:26:25","date_gmt":"2018-10-24T04:26:25","guid":{"rendered":"https:\/\/futuriodemos.com\/default-demo\/?page_id=115"},"modified":"2025-09-10T16:13:18","modified_gmt":"2025-09-10T14:13:18","slug":"uber-uns","status":"publish","type":"page","link":"https:\/\/kiga-schnelldorf.de\/index.php\/uber-uns\/","title":{"rendered":"\u00dcber uns"},"content":{"rendered":"\t\t<div data-elementor-type=\"wp-page\" data-elementor-id=\"115\" class=\"elementor elementor-115\">\n\t\t\t\t<div class=\"elementor-element elementor-element-557bfdd e-flex e-con-boxed e-con e-parent\" data-id=\"557bfdd\" data-element_type=\"container\" data-settings=\"{&quot;content_width&quot;:&quot;boxed&quot;}\" data-core-v316-plus=\"true\">\n\t\t\t\t\t<div class=\"e-con-inner\">\n\t\t\t\t<div class=\"elementor-element elementor-element-6b5883b elementor-widget elementor-widget-heading\" data-id=\"6b5883b\" data-element_type=\"widget\" data-widget_type=\"heading.default\">\n\t\t\t\t<div class=\"elementor-widget-container\">\n\t\t\t<style>\/*! elementor - v3.19.0 - 29-01-2024 *\/\n.elementor-heading-title{padding:0;margin:0;line-height:1}.elementor-widget-heading .elementor-heading-title[class*=elementor-size-]>a{color:inherit;font-size:inherit;line-height:inherit}.elementor-widget-heading .elementor-heading-title.elementor-size-small{font-size:15px}.elementor-widget-heading .elementor-heading-title.elementor-size-medium{font-size:19px}.elementor-widget-heading .elementor-heading-title.elementor-size-large{font-size:29px}.elementor-widget-heading .elementor-heading-title.elementor-size-xl{font-size:39px}.elementor-widget-heading .elementor-heading-title.elementor-size-xxl{font-size:59px}<\/style><h2 class=\"elementor-heading-title elementor-size-default\">\u00dcber uns <\/h2>\t\t<\/div>\n\t\t\t\t<\/div>\n\t\t\t\t\t<\/div>\n\t\t\t\t<\/div>\n\t\t<div class=\"elementor-element elementor-element-3bf9c67e e-con-full e-flex e-con e-parent\" data-id=\"3bf9c67e\" data-element_type=\"container\" data-settings=\"{&quot;background_background&quot;:&quot;classic&quot;,&quot;content_width&quot;:&quot;full&quot;}\" data-core-v316-plus=\"true\">\n\t\t<div class=\"elementor-element elementor-element-4504e50 e-con-full e-flex e-con e-child\" data-id=\"4504e50\" data-element_type=\"container\" data-settings=\"{&quot;content_width&quot;:&quot;full&quot;}\">\n\t\t\t\t<div class=\"elementor-element elementor-element-6f9d9753 elementor-widget elementor-widget-heading\" data-id=\"6f9d9753\" data-element_type=\"widget\" data-widget_type=\"heading.default\">\n\t\t\t\t<div class=\"elementor-widget-container\">\n\t\t\t<h1 class=\"elementor-heading-title elementor-size-default\">Geschichte<\/h1>\t\t<\/div>\n\t\t\t\t<\/div>\n\t\t\t\t<div class=\"elementor-element elementor-element-7d59d85 elementor-widget elementor-widget-text-editor\" data-id=\"7d59d85\" data-element_type=\"widget\" data-widget_type=\"text-editor.default\">\n\t\t\t\t<div class=\"elementor-widget-container\">\n\t\t\t<style>\/*! elementor - v3.19.0 - 29-01-2024 *\/\n.elementor-widget-text-editor.elementor-drop-cap-view-stacked .elementor-drop-cap{background-color:#69727d;color:#fff}.elementor-widget-text-editor.elementor-drop-cap-view-framed .elementor-drop-cap{color:#69727d;border:3px solid;background-color:transparent}.elementor-widget-text-editor:not(.elementor-drop-cap-view-default) .elementor-drop-cap{margin-top:8px}.elementor-widget-text-editor:not(.elementor-drop-cap-view-default) .elementor-drop-cap-letter{width:1em;height:1em}.elementor-widget-text-editor .elementor-drop-cap{float:left;text-align:center;line-height:1;font-size:50px}.elementor-widget-text-editor .elementor-drop-cap-letter{display:inline-block}<\/style>\t\t\t\t<p>Der Kindergarten in Schnelldorf hat eine lange Vergangenheit. Schon im Mai 1949 wurde von Frau Wippich die Grundlage mit einem sogenannten &#8220;Erntekindergarten&#8221; geschaffen. Bis zum November 1961 f\u00fchrte sie diesen Kindergarten in ihrem eigenen Wohnhaus, das eigens f\u00fcr diesen Zweck umgebaut wurde. Da die R\u00e4umlichkeiten mit der Zeit zu eng wurden, beantragte Frau Wippich den Bau eines neuen Kindergartens in Schnelldorf. Durch viel Initiative ihrerseits und der Gr\u00fcndung eines Kindergartenvereins im Jahre 1967 konnte 1969 mit dem Bau des ersten regul\u00e4ren Kindergartens in der Sonnenstra\u00dfe 39 begonnen werden. Am 30. Oktober 1971 fand dann die Einweihung statt. Zuerst gab es nur 2 Gruppen, die jedoch sehr schnell auf 3 Gruppen erweitert wurden. Im Jahr 1988 begannen dann die Planungen f\u00fcr den Anbau einer vierten Gruppe, die am 12. M\u00e4rz 1993 eingeweiht wurde. Von September 2007 bis August 2011 bestand der Kindergarten aus drei Regelgruppen und einer Kleinkindgruppe. Im September 2011 startete eine vierte Regelgruppe, die nur aus Vorsch\u00fclern bestand, in der Grundschule in Schnelldorf. Von September 2013 bis Dezember 2014 fanden die Bauma\u00dfnahmen f\u00fcr ein neues externes Geb\u00e4ude auf unserem Grundst\u00fcck statt. Seit Januar 2015 haben dort unsere Kleinkinder, im &#8220;Haus der Strolche&#8221;, ihr eigenes Domizil. Seit September 2015\u00a0 befinden sich dort zwei Kleinkindgruppen &#8211; &#8220;Die kleinen Racker&#8221; und &#8220;Die Rasselbande&#8221;. Die ausgelagerte Vorschulgruppe befand sich seit dem wieder im Haupthaus und war in Projektphasen in der Grundschule &#8220;beheimatet&#8221;. Im September 2017 mussten wir leider die Vorschulgruppe einstellen. Seit dem besteht unser Kindergarten wieder aus vier Regelgruppen und zwei Kleinkindgruppen.<\/p>\t\t\t\t\t\t<\/div>\n\t\t\t\t<\/div>\n\t\t\t\t<div class=\"elementor-element elementor-element-0b1169b elementor-widget elementor-widget-spacer\" data-id=\"0b1169b\" data-element_type=\"widget\" data-widget_type=\"spacer.default\">\n\t\t\t\t<div class=\"elementor-widget-container\">\n\t\t\t<style>\/*! elementor - v3.19.0 - 29-01-2024 *\/\n.elementor-column .elementor-spacer-inner{height:var(--spacer-size)}.e-con{--container-widget-width:100%}.e-con-inner>.elementor-widget-spacer,.e-con>.elementor-widget-spacer{width:var(--container-widget-width,var(--spacer-size));--align-self:var(--container-widget-align-self,initial);--flex-shrink:0}.e-con-inner>.elementor-widget-spacer>.elementor-widget-container,.e-con>.elementor-widget-spacer>.elementor-widget-container{height:100%;width:100%}.e-con-inner>.elementor-widget-spacer>.elementor-widget-container>.elementor-spacer,.e-con>.elementor-widget-spacer>.elementor-widget-container>.elementor-spacer{height:100%}.e-con-inner>.elementor-widget-spacer>.elementor-widget-container>.elementor-spacer>.elementor-spacer-inner,.e-con>.elementor-widget-spacer>.elementor-widget-container>.elementor-spacer>.elementor-spacer-inner{height:var(--container-widget-height,var(--spacer-size))}.e-con-inner>.elementor-widget-spacer.elementor-widget-empty,.e-con>.elementor-widget-spacer.elementor-widget-empty{position:relative;min-height:22px;min-width:22px}.e-con-inner>.elementor-widget-spacer.elementor-widget-empty .elementor-widget-empty-icon,.e-con>.elementor-widget-spacer.elementor-widget-empty .elementor-widget-empty-icon{position:absolute;top:0;bottom:0;left:0;right:0;margin:auto;padding:0;width:22px;height:22px}<\/style>\t\t<div class=\"elementor-spacer\">\n\t\t\t<div class=\"elementor-spacer-inner\"><\/div>\n\t\t<\/div>\n\t\t\t\t<\/div>\n\t\t\t\t<\/div>\n\t\t\t\t<\/div>\n\t\t<div class=\"elementor-element elementor-element-33142cbf e-con-full e-flex e-con e-child\" data-id=\"33142cbf\" data-element_type=\"container\" data-settings=\"{&quot;content_width&quot;:&quot;full&quot;}\">\n\t\t\t\t<div class=\"elementor-element elementor-element-6be74664 elementor-widget elementor-widget-image\" data-id=\"6be74664\" data-element_type=\"widget\" data-widget_type=\"image.default\">\n\t\t\t\t<div class=\"elementor-widget-container\">\n\t\t\t<style>\/*! elementor - v3.19.0 - 29-01-2024 *\/\n.elementor-widget-image{text-align:center}.elementor-widget-image a{display:inline-block}.elementor-widget-image a img[src$=\".svg\"]{width:48px}.elementor-widget-image img{vertical-align:middle;display:inline-block}<\/style>\t\t\t\t\t\t\t\t\t\t<img fetchpriority=\"high\" decoding=\"async\" width=\"380\" height=\"321\" src=\"https:\/\/kiga-schnelldorf.de\/wp-content\/uploads\/2024\/02\/Kiga01.png\" class=\"attachment-futurio-med size-futurio-med wp-image-300\" alt=\"\" srcset=\"https:\/\/kiga-schnelldorf.de\/wp-content\/uploads\/2024\/02\/Kiga01.png 380w, https:\/\/kiga-schnelldorf.de\/wp-content\/uploads\/2024\/02\/Kiga01-300x253.png 300w\" sizes=\"(max-width: 380px) 100vw, 380px\" \/>\t\t\t\t\t\t\t\t\t\t\t\t\t<\/div>\n\t\t\t\t<\/div>\n\t\t\t\t<\/div>\n\t\t\t\t<\/div>\n\t\t<div class=\"elementor-element elementor-element-8f97e07 e-con-full e-flex e-con e-parent\" data-id=\"8f97e07\" data-element_type=\"container\" data-settings=\"{&quot;content_width&quot;:&quot;full&quot;}\" data-core-v316-plus=\"true\">\n\t\t<div class=\"elementor-element elementor-element-c2e4fdf e-con-full e-flex e-con e-child\" data-id=\"c2e4fdf\" data-element_type=\"container\" data-settings=\"{&quot;content_width&quot;:&quot;full&quot;}\">\n\t\t\t\t<div class=\"elementor-element elementor-element-8d6cc7a elementor-widget elementor-widget-heading\" data-id=\"8d6cc7a\" data-element_type=\"widget\" data-widget_type=\"heading.default\">\n\t\t\t\t<div class=\"elementor-widget-container\">\n\t\t\t<h1 class=\"elementor-heading-title elementor-size-default\">Tr\u00e4ger<\/h1>\t\t<\/div>\n\t\t\t\t<\/div>\n\t\t\t\t<div class=\"elementor-element elementor-element-0591352 elementor-widget__width-initial elementor-widget elementor-widget-image\" data-id=\"0591352\" data-element_type=\"widget\" data-widget_type=\"image.default\">\n\t\t\t\t<div class=\"elementor-widget-container\">\n\t\t\t\t\t\t\t\t\t\t\t\t\t<img decoding=\"async\" width=\"284\" height=\"133\" src=\"https:\/\/kiga-schnelldorf.de\/wp-content\/uploads\/2024\/02\/cropped-logo.png\" class=\"attachment-full size-full wp-image-267\" alt=\"\" \/>\t\t\t\t\t\t\t\t\t\t\t\t\t<\/div>\n\t\t\t\t<\/div>\n\t\t\t\t<\/div>\n\t\t\t\t<div class=\"elementor-element elementor-element-74113a9 elementor-widget elementor-widget-text-editor\" data-id=\"74113a9\" data-element_type=\"widget\" data-widget_type=\"text-editor.default\">\n\t\t\t\t<div class=\"elementor-widget-container\">\n\t\t\t\t\t\t\t<p>Tr\u00e4ger der Einrichtung:&nbsp;<\/p><p>Evangelischer Kindergartenverein Schnelldorf e. V. Derzeit: 1. Vorsitzender Dekan Wigbert Lehner Hindenburgstrasse 8 91555 Feuchtwangen Tel: 09852\/90820 Email: wigbert.lehner@elkb.de Der Tr\u00e4ger unserer Einrichtung ist der ev. Kindergartenverein Schnelldorf e. V. Der erste Vorsitzende und zugleich Gesch\u00e4ftsf\u00fchrer des Kindergartenvereins ist ein Pfarrer der evang.-luth. Kirchengemeinde im Gebiet der politischen Gemeinde Schnelldorf. Der zweite Vorsitz obliegt derzeit einem Vertreter der politischen Gemeinde Schnelldorf. Unterst\u00fctzend sind aktive Mitglieder im Vorstand t\u00e4tig. Weitere passive Mitglieder setzen sich mit ihrer j\u00e4hrlichen Spende in H\u00f6he von 7 \u20ac f\u00fcr das Wohl der Kinder ein. Jedes neue Mitglied ist uns herzlich willkommen. Die Vereinsf\u00fchrung unterliegt den Regeln der Satzung des ev. Kindergartenvereins Schnelldorf e. V. Hinweis: Der Tr\u00e4ger der Einrichtung erkl\u00e4rt sich nicht bereit zur Teilnahme an Streitbeilegungsverfahren vor Verbraucherschlichtungsstellen im Sinne von \u00a7 36 Abs. 1 Verbraucherstreitbeilegungsgesetz (VSBG). Davon unber\u00fchrt ist die M\u00f6glichkeit der Streitbeilegung durch eine Verbraucherschlichtungsstelle im Rahmen einer konkreten Streitigkeit bei Zustimmung beider Vertragsparteier (\u00a7 37 VSBG).<\/p>\t\t\t\t\t\t<\/div>\n\t\t\t\t<\/div>\n\t\t<div class=\"elementor-element elementor-element-85054b9 e-con-full e-flex e-con e-child\" data-id=\"85054b9\" data-element_type=\"container\" data-settings=\"{&quot;content_width&quot;:&quot;full&quot;}\">\n\t\t\t\t<\/div>\n\t\t\t\t<\/div>\n\t\t<div class=\"elementor-element elementor-element-a81b4fc e-con-full e-flex e-con e-parent\" data-id=\"a81b4fc\" data-element_type=\"container\" data-settings=\"{&quot;background_background&quot;:&quot;classic&quot;,&quot;content_width&quot;:&quot;full&quot;}\" data-core-v316-plus=\"true\">\n\t\t<div class=\"elementor-element elementor-element-1a08fc9 e-con-full e-flex e-con e-child\" data-id=\"1a08fc9\" data-element_type=\"container\" data-settings=\"{&quot;content_width&quot;:&quot;full&quot;}\">\n\t\t\t\t<div class=\"elementor-element elementor-element-48093bf elementor-widget elementor-widget-heading\" data-id=\"48093bf\" data-element_type=\"widget\" data-widget_type=\"heading.default\">\n\t\t\t\t<div class=\"elementor-widget-container\">\n\t\t\t<h1 class=\"elementor-heading-title elementor-size-default\">Beitrag<\/h1>\t\t<\/div>\n\t\t\t\t<\/div>\n\t\t\t\t<div class=\"elementor-element elementor-element-48d9a17 elementor-widget elementor-widget-text-editor\" data-id=\"48d9a17\" data-element_type=\"widget\" data-widget_type=\"text-editor.default\">\n\t\t\t\t<div class=\"elementor-widget-container\">\n\t\t\t\t\t\t\t<p>Lorem ipsum dolor sit amet, consectetur adipiscing elit. Ut elit tellus, luctus nec ullamcorper mattis, pulvinar dapibus leo.<\/p>\t\t\t\t\t\t<\/div>\n\t\t\t\t<\/div>\n\t\t\t\t<div class=\"elementor-element elementor-element-0e17e8b elementor-widget__width-initial elementor-widget elementor-widget-text-editor\" data-id=\"0e17e8b\" data-element_type=\"widget\" data-widget_type=\"text-editor.default\">\n\t\t\t\t<div class=\"elementor-widget-container\">\n\t\t\t\t\t\t\t<table width=\"745\"><tbody><tr><td width=\"21%\"><p>Durchschnittliche Buchungsstundenpro Tag in Stunden (Wochenstundengesamt geteiltdurch 5 Wochentage)<\/p><\/td><td width=\"21%\"><p>W\u00f6chentlicherBuchungs-durchschnitt inStunden<\/p><\/td><td width=\"21%\"><p>Monatliche Elternbeitr\u00e4ge<\/p><p>Regelkinder<\/p><\/td><td width=\"21%\"><p>Monatliche Elternbeitr\u00e4ge<\/p><p>Kleinkinder<\/p><\/td><\/tr><tr><td width=\"21%\"><p>1 \u2013 2 Stunden<\/p><\/td><td width=\"21%\"><p>5 \u2013 10 Stunden<\/p><\/td><td width=\"21%\"><p>95,00 Euro<\/p><p>nur in besonderen<\/p><p>F\u00e4llen buchbar<\/p><\/td><td width=\"34%\"><p>&#8211;<\/p><\/td><\/tr><tr><td width=\"21%\"><p>2 \u2013 3 Stunden<\/p><\/td><td width=\"21%\"><p>10 \u2013 15 Stunden<\/p><\/td><td width=\"21%\"><p>110,00 Euro<\/p><p>nur in besonderen F\u00e4llen buchbar<\/p><\/td><td width=\"34%\"><p>160,00 Euro<\/p><\/td><\/tr><tr><td width=\"21%\"><p>3 \u2013 4 Stunden<\/p><\/td><td width=\"21%\"><p>15 \u2013 20 Stunden<\/p><\/td><td width=\"21%\"><p>125,00 Euro<\/p><\/td><td width=\"34%\"><p>180,00 Euro<\/p><\/td><\/tr><tr><td width=\"21%\"><p>4 \u2013 5 Stunden<\/p><\/td><td width=\"21%\"><p>20 \u2013 25 Stunden<\/p><\/td><td width=\"21%\"><p>140,00 Euro<\/p><\/td><td width=\"34%\"><p>200,00 Euro<\/p><\/td><\/tr><tr><td width=\"21%\"><p>5 \u2013 6 Stunden<\/p><\/td><td width=\"21%\"><p>25 \u2013 30 Stunden<\/p><\/td><td width=\"21%\"><p>155,00 Euro<\/p><\/td><td width=\"34%\"><p>220,00 Euro<\/p><\/td><\/tr><tr><td width=\"21%\"><p>6 \u2013 7 Stunden<\/p><\/td><td width=\"21%\"><p>30 \u2013 35 Stunden<\/p><\/td><td width=\"21%\"><p>170,00 Euro<\/p><\/td><td width=\"34%\"><p>240,00 Euro<\/p><\/td><\/tr><tr><td width=\"21%\"><p>7 \u2013 8 Stunden<\/p><\/td><td width=\"21%\"><p>35 \u2013 40 Stunden<\/p><\/td><td width=\"21%\"><p>185,00 Euro<\/p><\/td><td width=\"34%\"><p>260,00 Euro<\/p><\/td><\/tr><tr><td width=\"21%\"><p>8 \u2013 9 Stunden<\/p><\/td><td width=\"21%\"><p>40 \u2013 45 Stunden<\/p><\/td><td width=\"21%\"><p>200,00 Euro<\/p><\/td><td width=\"34%\"><p>280,00 Euro<\/p><\/td><\/tr><\/tbody><\/table><p>Weitere Kosten:<\/p><p>Aufnahmegeb\u00fchr (einmalig) 10 \u20ac<br \/>Busfahrt (monatlich \u2013 bei Bedarf) 11,00 \u20ac<br \/>Essensgeld (pro Mittagessen \u2013 bei Bedarf) 3,95 \u20ac<\/p><p>Staatlicher Elternbeitragszuschuss f\u00fcr Regelkinder 100 \u20ac pro Monat.<\/p><p>Das Krippengeld (100 \u20ac pro Monat) erhalten alle Eltern, die eine gewisse Einkommensgrenze nicht \u00fcberschreiten. Der Antrag muss direkt beim ZBFS gestellt werden.<\/p><p>Erm\u00e4\u00dfigungen f\u00fcr Geschwisterkinder (besuchen gleichzeitig die Einrichtung):<br \/>F\u00fcr ein zweites Kind erhalten Eltern eine Erm\u00e4\u00dfigung von 20,00 \u20ac auf den errechneten vollen Elternbeitrag.<br \/>F\u00fcr ein drittes Kind erhalten Eltern eine Erm\u00e4\u00dfigung von 50,00 \u20ac auf den errechneten vollen Elternbeitrag.<\/p><p>Unsere \u201eKernzeit\u201c ist t\u00e4glich von 08:15 Uhr \u2013 12:15 Uhr. Dies ist die Zeit, in der alle Kinder anwesend sind und in der wir nach dem bayerischen Bildungs- und Erziehungsplan arbeiten. Diese vier Stunden m\u00fcssen Inhalt der t\u00e4glichen Buchung sein.<\/p>\t\t\t\t\t\t<\/div>\n\t\t\t\t<\/div>\n\t\t\t\t<\/div>\n\t\t\t\t<\/div>\n\t\t<div class=\"elementor-element elementor-element-a511e37 e-con-full e-flex e-con e-parent\" data-id=\"a511e37\" data-element_type=\"container\" data-settings=\"{&quot;background_background&quot;:&quot;classic&quot;,&quot;content_width&quot;:&quot;full&quot;}\" data-core-v316-plus=\"true\">\n\t\t<div class=\"elementor-element elementor-element-8c0ff01 e-con-full e-flex e-con e-child\" data-id=\"8c0ff01\" data-element_type=\"container\" data-settings=\"{&quot;content_width&quot;:&quot;full&quot;}\">\n\t\t\t\t<div class=\"elementor-element elementor-element-638da49 elementor-widget elementor-widget-heading\" data-id=\"638da49\" data-element_type=\"widget\" data-widget_type=\"heading.default\">\n\t\t\t\t<div class=\"elementor-widget-container\">\n\t\t\t<h1 class=\"elementor-heading-title elementor-size-default\">Tagesablauf<\/h1>\t\t<\/div>\n\t\t\t\t<\/div>\n\t\t\t\t<div class=\"elementor-element elementor-element-76f0fea elementor-widget elementor-widget-text-editor\" data-id=\"76f0fea\" data-element_type=\"widget\" data-widget_type=\"text-editor.default\">\n\t\t\t\t<div class=\"elementor-widget-container\">\n\t\t\t\t\t\t\t<p><b>Tagesablauf Regelgruppe<\/b><\/p><table width=\"606\"><tbody><tr><td width=\"303\"><p>07.00 \u2013 08.00 Uhr\u00a0\u00a0\u00a0\u00a0\u00a0\u00a0\u00a0\u00a0\u00a0\u00a0\u00a0\u00a0\u00a0\u00a0\u00a0\u00a0\u00a0\u00a0\u00a0\u00a0\u00a0\u00a0<\/p><\/td><td width=\"303\"><p>Sammelgruppe in der gr\u00fcnen Gruppe<\/p><\/td><\/tr><tr><td width=\"303\"><p>08.00 \u2013 08.15 Uhr\u00a0\u00a0\u00a0\u00a0\u00a0\u00a0\u00a0\u00a0\u00a0\u00a0\u00a0\u00a0\u00a0\u00a0\u00a0\u00a0\u00a0\u00a0\u00a0\u00a0\u00a0\u00a0<\/p><\/td><td width=\"303\"><p>Ankunft der restlichen Kinder in ihren Gruppen<\/p><\/td><\/tr><tr><td width=\"303\"><p>08.15 \u2013 12.15 Uhr\u00a0\u00a0\u00a0\u00a0\u00a0\u00a0\u00a0\u00a0\u00a0\u00a0\u00a0\u00a0\u00a0\u00a0\u00a0\u00a0\u00a0\u00a0\u00a0\u00a0\u00a0\u00a0<\/p><\/td><td width=\"303\"><p>Tischspielzeit<\/p><p>Morgenkreis<\/p><p>Gemeinsames Vesper<\/p><p>Gezielte Angebote<\/p><p>Freispielzeit in der Gruppe und im Gang<\/p><p>Gruppen\u00fcbergreifende Spielangebote<\/p><p>Gartenbetrieb<\/p><\/td><\/tr><tr><td width=\"303\"><p>Ab 12.15 Uhr\u00a0\u00a0\u00a0\u00a0\u00a0\u00a0\u00a0\u00a0\u00a0\u00a0\u00a0\u00a0\u00a0\u00a0\u00a0\u00a0\u00a0\u00a0\u00a0\u00a0\u00a0\u00a0\u00a0\u00a0\u00a0\u00a0\u00a0\u00a0\u00a0\u00a0<\/p><\/td><td width=\"303\"><p>Abholzeit<\/p><p>Mittagessen und Ruhezeit<\/p><\/td><\/tr><tr><td width=\"303\"><p>Anschlie\u00dfend<\/p><\/td><td width=\"303\"><p>Freispielzeit<\/p><\/td><\/tr><tr><td width=\"303\"><p>Ab 14.00 Uhr<\/p><\/td><td width=\"303\"><p>Abholzeit und Busabfahrt<\/p><p>Sammelgruppe in der gr\u00fcnen\/roten Gruppe<\/p><\/td><\/tr><tr><td width=\"303\"><p>16.00 Uhr<\/p><\/td><td width=\"303\"><p>Kindergartenende \/ Freitags bereits um 15:00 Uhr<\/p><\/td><\/tr><\/tbody><\/table><p><b>Tagesablauf Kleinkindergruppe:<\/b><\/p><table style=\"height: 923px;\" width=\"428\"><tbody><tr><td width=\"303\"><p>07:00 Uhr &#8211; 07:30 Uhr<\/p><\/td><td width=\"303\"><p>Sammelgruppe bei den &#8220;Kleinen Rackern&#8221;<\/p><\/td><\/tr><tr><td width=\"303\"><p>07:30 Uhr \u2013\u00a0\u00a0 09:00 Uhr<\/p><\/td><td width=\"303\"><p>Freispiel \/ Zeit zum Ankommen \/<\/p><p>T\u00fcr- und Angelgespr\u00e4che \/Aufr\u00e4umen<\/p><\/td><\/tr><tr><td width=\"303\"><p>09:15 Uhr \u2013\u00a0\u00a0 09:45 Uhr<\/p><\/td><td width=\"303\"><p>Gemeinsames Fr\u00fchst\u00fcck \/ Geburtstagsfest \/<\/p><p>Jahresfeste usw.<\/p><\/td><\/tr><tr><td width=\"303\"><p>09:45 Uhr &#8211;\u00a0 11:00 Uhr<\/p><\/td><td width=\"303\"><p>Freispiel \/ K\u00f6rperpflege \/ Spielen im Flur<\/p><p>Aktivit\u00e4ten \/ Aufr\u00e4umen<\/p><\/td><\/tr><tr><td width=\"303\"><p>11:00 Uhr \u2013 11:20 Uhr<\/p><\/td><td width=\"303\"><p>Gemeinsames Treffen (Sitzkreis)<\/p><\/td><\/tr><tr><td width=\"303\"><p>11:20 Uhr \u2013 12:15 Uhr<\/p><\/td><td width=\"303\"><p>Bewegungsangebote im Foyer \/ Garten \/ Spaziergang<\/p><\/td><\/tr><tr><td width=\"303\"><p>12:15 Uhr<\/p><\/td><td width=\"303\"><p>erste Abholzeit<\/p><\/td><\/tr><tr><td width=\"303\"><p>12:20 Uhr \u2013 12:50 Uhr<\/p><\/td><td width=\"303\"><p>gemeinsames Mittagessen<\/p><\/td><\/tr><tr><td width=\"303\"><p>Ab 12.50 Uhr<\/p><\/td><td width=\"303\"><p>Schlafzeit \/ Ruhephase<\/p><\/td><\/tr><tr><td width=\"303\"><p>14:00 Uhr<\/p><\/td><td width=\"303\"><p>Wecken \/ wach werden \/ anziehen \/ Abholzeit<\/p><\/td><\/tr><tr><td width=\"303\"><p>14:30 Uhr<\/p><\/td><td width=\"303\"><p>Ende Kleinkindgruppen<\/p><\/td><\/tr><tr><td width=\"303\">\u00a0<\/td><td width=\"303\">\u00a0<\/td><\/tr><\/tbody><\/table>\t\t\t\t\t\t<\/div>\n\t\t\t\t<\/div>\n\t\t\t\t<\/div>\n\t\t\t\t<\/div>\n\t\t<div class=\"elementor-element elementor-element-4494a98 e-con-full e-flex e-con e-parent\" data-id=\"4494a98\" data-element_type=\"container\" data-settings=\"{&quot;background_background&quot;:&quot;classic&quot;,&quot;content_width&quot;:&quot;full&quot;}\" data-core-v316-plus=\"true\">\n\t\t<div class=\"elementor-element elementor-element-d72dfd5 e-con-full e-flex e-con e-child\" data-id=\"d72dfd5\" data-element_type=\"container\" data-settings=\"{&quot;content_width&quot;:&quot;full&quot;}\">\n\t\t\t\t<div class=\"elementor-element elementor-element-297f501 elementor-widget elementor-widget-heading\" data-id=\"297f501\" data-element_type=\"widget\" data-widget_type=\"heading.default\">\n\t\t\t\t<div class=\"elementor-widget-container\">\n\t\t\t<h1 class=\"elementor-heading-title elementor-size-default\">\u00d6ffnungszeiten<\/h1>\t\t<\/div>\n\t\t\t\t<\/div>\n\t\t\t\t<div class=\"elementor-element elementor-element-d9175a2 elementor-widget__width-initial elementor-widget elementor-widget-text-editor\" data-id=\"d9175a2\" data-element_type=\"widget\" data-widget_type=\"text-editor.default\">\n\t\t\t\t<div class=\"elementor-widget-container\">\n\t\t\t\t\t\t\t<p style=\"text-align: center;\">Unsere \u00d6ffnungszeiten:<\/p><p style=\"text-align: center;\">Regelgruppen: Montag bis Donnerstag von 07:00 Uhr bis 16:00 Uhr<\/p><p style=\"text-align: center;\">Freitag von 07:00 Uhr bis 15:00 Uhr<\/p><p style=\"text-align: center;\">Kleinkindgruppen: Montag bis Freitag von 07:30 Uhr bis 14:30Uhr<\/p>\t\t\t\t\t\t<\/div>\n\t\t\t\t<\/div>\n\t\t\t\t<div class=\"elementor-element elementor-element-026e016 elementor-widget elementor-widget-image\" data-id=\"026e016\" data-element_type=\"widget\" data-widget_type=\"image.default\">\n\t\t\t\t<div class=\"elementor-widget-container\">\n\t\t\t\t\t\t\t\t\t\t\t\t\t<img decoding=\"async\" width=\"375\" height=\"260\" src=\"https:\/\/kiga-schnelldorf.de\/wp-content\/uploads\/2024\/02\/Kiga02.jpg\" class=\"attachment-large size-large wp-image-328\" alt=\"\" srcset=\"https:\/\/kiga-schnelldorf.de\/wp-content\/uploads\/2024\/02\/Kiga02.jpg 375w, https:\/\/kiga-schnelldorf.de\/wp-content\/uploads\/2024\/02\/Kiga02-300x208.jpg 300w\" sizes=\"(max-width: 375px) 100vw, 375px\" \/>\t\t\t\t\t\t\t\t\t\t\t\t\t<\/div>\n\t\t\t\t<\/div>\n\t\t\t\t<\/div>\n\t\t\t\t<\/div>\n\t\t<div class=\"elementor-element elementor-element-f530df1 e-flex e-con-boxed e-con e-parent\" data-id=\"f530df1\" data-element_type=\"container\" data-settings=\"{&quot;content_width&quot;:&quot;boxed&quot;}\" data-core-v316-plus=\"true\">\n\t\t\t\t\t<div class=\"e-con-inner\">\n\t\t\t\t<div class=\"elementor-element elementor-element-7e41fcd elementor-widget elementor-widget-blog-author\" data-id=\"7e41fcd\" data-element_type=\"widget\" data-widget_type=\"blog-author.default\">\n\t\t\t\t<div class=\"elementor-widget-container\">\n\t\t\t        <div class=\"futurio-elementor-author\">\n            <div class=\"futurio-elementor-feed-title\">\n                                    <span class=\"futurio-elementor-icon elementor-button-icon futurio-elementor-icon elementor-align-icon-left\">\n                        <i class=\"fa fa-user-o\" aria-hidden=\"true\"><\/i>\n                    <\/span>\n                                <span class=\"futurio-elementor-icon elementor-button-text\">Author:<\/span>\n            <\/div>\n            <a href=\"https:\/\/kiga-schnelldorf.de\/index.php\/author\/ameiser\/\">\n                ameiser            <\/a>\n        <\/div>\n        \t\t<\/div>\n\t\t\t\t<\/div>\n\t\t\t\t\t<\/div>\n\t\t\t\t<\/div>\n\t\t\t\t<\/div>\n\t\t","protected":false},"excerpt":{"rendered":"<p>\u00dcber uns Geschichte Der Kindergarten in Schnelldorf hat eine lange Vergangenheit. Schon im Mai 1949 wurde von Frau Wippich die Grundlage mit einem sogenannten &#8220;Erntekindergarten&#8221; geschaffen. Bis zum November 1961 f\u00fchrte sie diesen Kindergarten in ihrem eigenen Wohnhaus, das eigens f\u00fcr diesen Zweck umgebaut wurde. Da die R\u00e4umlichkeiten mit der Zeit zu eng wurden, beantragte&hellip;<\/p>\n","protected":false},"author":1,"featured_media":0,"parent":0,"menu_order":0,"comment_status":"closed","ping_status":"closed","template":"","meta":{"footnotes":""},"class_list":["post-115","page","type-page","status-publish","hentry"],"_links":{"self":[{"href":"https:\/\/kiga-schnelldorf.de\/index.php\/wp-json\/wp\/v2\/pages\/115","targetHints":{"allow":["GET"]}}],"collection":[{"href":"https:\/\/kiga-schnelldorf.de\/index.php\/wp-json\/wp\/v2\/pages"}],"about":[{"href":"https:\/\/kiga-schnelldorf.de\/index.php\/wp-json\/wp\/v2\/types\/page"}],"author":[{"embeddable":true,"href":"https:\/\/kiga-schnelldorf.de\/index.php\/wp-json\/wp\/v2\/users\/1"}],"replies":[{"embeddable":true,"href":"https:\/\/kiga-schnelldorf.de\/index.php\/wp-json\/wp\/v2\/comments?post=115"}],"version-history":[{"count":71,"href":"https:\/\/kiga-schnelldorf.de\/index.php\/wp-json\/wp\/v2\/pages\/115\/revisions"}],"predecessor-version":[{"id":535,"href":"https:\/\/kiga-schnelldorf.de\/index.php\/wp-json\/wp\/v2\/pages\/115\/revisions\/535"}],"wp:attachment":[{"href":"https:\/\/kiga-schnelldorf.de\/index.php\/wp-json\/wp\/v2\/media?parent=115"}],"curies":[{"name":"wp","href":"https:\/\/api.w.org\/{rel}","templated":true}]}}